{"id":128,"date":"2024-07-03T18:23:07","date_gmt":"2024-07-03T16:23:07","guid":{"rendered":"https:\/\/max-clean-evolution.fr\/?page_id=128"},"modified":"2024-10-13T15:56:41","modified_gmt":"2024-10-13T13:56:41","slug":"gestion-des-encombrants","status":"publish","type":"page","link":"https:\/\/max-clean-evolution.fr\/index.php\/services\/gestion-des-encombrants\/","title":{"rendered":"Gestion des encombrants"},"content":{"rendered":"\t\t<div data-elementor-type=\"wp-page\" data-elementor-id=\"128\" class=\"elementor elementor-128\" data-elementor-post-type=\"page\">\n\t\t\t\t<div class=\"elementor-element elementor-element-3c1837b6 e-flex e-con-boxed e-con e-parent\" data-id=\"3c1837b6\" data-element_type=\"container\">\n\t\t\t\t\t<div class=\"e-con-inner\">\n\t\t<div class=\"elementor-element elementor-element-d2b24e6 e-con-full e-flex e-con e-child\" data-id=\"d2b24e6\" data-element_type=\"container\" data-settings=\"{&quot;background_background&quot;:&quot;gradient&quot;}\">\n\t\t<div class=\"elementor-element elementor-element-8c14bda e-con-full e-flex e-con e-child\" data-id=\"8c14bda\" data-element_type=\"container\">\n\t\t\t\t<div class=\"elementor-element elementor-element-32cb7cd elementor-widget elementor-widget-heading\" data-id=\"32cb7cd\" data-element_type=\"widget\" data-widget_type=\"heading.default\">\n\t\t\t\t<div class=\"elementor-widget-container\">\n\t\t\t<style>\/*! elementor - v3.22.0 - 26-06-2024 *\/\n.elementor-heading-title{padding:0;margin:0;line-height:1}.elementor-widget-heading .elementor-heading-title[class*=elementor-size-]>a{color:inherit;font-size:inherit;line-height:inherit}.elementor-widget-heading .elementor-heading-title.elementor-size-small{font-size:15px}.elementor-widget-heading .elementor-heading-title.elementor-size-medium{font-size:19px}.elementor-widget-heading .elementor-heading-title.elementor-size-large{font-size:29px}.elementor-widget-heading .elementor-heading-title.elementor-size-xl{font-size:39px}.elementor-widget-heading .elementor-heading-title.elementor-size-xxl{font-size:59px}<\/style><h1 class=\"elementor-heading-title elementor-size-default\">Gestion des encombrants<\/h1>\t\t<\/div>\n\t\t\t\t<\/div>\n\t\t\t\t<div class=\"elementor-element elementor-element-403acff elementor-invisible elementor-widget elementor-widget-text-editor\" data-id=\"403acff\" data-element_type=\"widget\" data-settings=\"{&quot;_animation&quot;:&quot;fadeInUp&quot;}\" data-widget_type=\"text-editor.default\">\n\t\t\t\t<div class=\"elementor-widget-container\">\n\t\t\t<style>\/*! elementor - v3.22.0 - 26-06-2024 *\/\n.elementor-widget-text-editor.elementor-drop-cap-view-stacked .elementor-drop-cap{background-color:#69727d;color:#fff}.elementor-widget-text-editor.elementor-drop-cap-view-framed .elementor-drop-cap{color:#69727d;border:3px solid;background-color:transparent}.elementor-widget-text-editor:not(.elementor-drop-cap-view-default) .elementor-drop-cap{margin-top:8px}.elementor-widget-text-editor:not(.elementor-drop-cap-view-default) .elementor-drop-cap-letter{width:1em;height:1em}.elementor-widget-text-editor .elementor-drop-cap{float:left;text-align:center;line-height:1;font-size:50px}.elementor-widget-text-editor .elementor-drop-cap-letter{display:inline-block}<\/style>\t\t\t\t<p>Chez Max Clean Evolution, nous vous proposons un service complet de gestion et de retrait d&rsquo;encombrants. Que ce soit pour votre domicile, votre entreprise ou vos espaces publics, nous sommes l\u00e0 pour vous accompagner dans le d\u00e9sencombrement.<\/p>\t\t\t\t\t\t<\/div>\n\t\t\t\t<\/div>\n\t\t\t\t<\/div>\n\t\t<div class=\"elementor-element elementor-element-d1a2714 e-con-full e-flex e-con e-child\" data-id=\"d1a2714\" data-element_type=\"container\">\n\t\t\t\t<div class=\"elementor-element elementor-element-bf30425 elementor-widget__width-initial elementor-invisible elementor-widget elementor-widget-image\" data-id=\"bf30425\" data-element_type=\"widget\" data-settings=\"{&quot;_animation&quot;:&quot;fadeInDown&quot;,&quot;_animation_tablet&quot;:&quot;fadeInLeft&quot;}\" data-widget_type=\"image.default\">\n\t\t\t\t<div class=\"elementor-widget-container\">\n\t\t\t<style>\/*! elementor - v3.22.0 - 26-06-2024 *\/\n.elementor-widget-image{text-align:center}.elementor-widget-image a{display:inline-block}.elementor-widget-image a img[src$=\".svg\"]{width:48px}.elementor-widget-image img{vertical-align:middle;display:inline-block}<\/style>\t\t\t\t\t\t\t\t\t\t<img fetchpriority=\"high\" decoding=\"async\" width=\"640\" height=\"960\" src=\"https:\/\/max-clean-evolution.fr\/wp-content\/uploads\/2024\/10\/pexels-introspectivedsgn-11115604.jpg\" class=\"attachment-large size-large wp-image-516\" alt=\"\" srcset=\"https:\/\/max-clean-evolution.fr\/wp-content\/uploads\/2024\/10\/pexels-introspectivedsgn-11115604.jpg 640w, https:\/\/max-clean-evolution.fr\/wp-content\/uploads\/2024\/10\/pexels-introspectivedsgn-11115604-200x300.jpg 200w\" sizes=\"(max-width: 640px) 100vw, 640px\" \/>\t\t\t\t\t\t\t\t\t\t\t\t\t<\/div>\n\t\t\t\t<\/div>\n\t\t\t\t<\/div>\n\t\t\t\t<\/div>\n\t\t<div class=\"elementor-element elementor-element-3818e81a e-con-full e-flex e-con e-child\" data-id=\"3818e81a\" data-element_type=\"container\">\n\t\t\t\t<div class=\"elementor-element elementor-element-345115f elementor-widget elementor-widget-heading\" data-id=\"345115f\" data-element_type=\"widget\" data-widget_type=\"heading.default\">\n\t\t\t\t<div class=\"elementor-widget-container\">\n\t\t\t<h2 class=\"elementor-heading-title elementor-size-default\">Nos services comprennent :<\/h2>\t\t<\/div>\n\t\t\t\t<\/div>\n\t\t\t\t<div class=\"elementor-element elementor-element-8a3f616 elementor-invisible elementor-widget elementor-widget-text-editor\" data-id=\"8a3f616\" data-element_type=\"widget\" data-settings=\"{&quot;_animation&quot;:&quot;fadeInUp&quot;}\" data-widget_type=\"text-editor.default\">\n\t\t\t\t<div class=\"elementor-widget-container\">\n\t\t\t\t\t\t\t<ul><li><strong>Retrait d&rsquo;encombrants au meilleur prix :<\/strong> Nos tarifs sont appliqu\u00e9s par m\u00e8tre cube de volume, incluant le transport jusqu&rsquo;\u00e0 la d\u00e9chetterie.<\/li><li><strong>Tri et valorisation des encombrants :<\/strong> Nous nous engageons \u00e0 trier et valoriser vos encombrants afin de minimiser l&rsquo;impact environnemental et de favoriser le recyclage.<\/li><li><strong>Mise \u00e0 disposition de bennes :<\/strong> Nous fournissons des bennes adapt\u00e9es \u00e0 vos besoins pour un retrait simplifi\u00e9 de vos encombrants.<\/li><li><strong>D\u00e9sencombrement de caves et appartements :<\/strong> Notre \u00e9quipe s&rsquo;occupe du d\u00e9sencombrement de vos caves, ainsi que des appartements situ\u00e9s \u00e0 l&rsquo;\u00e9tage, qu&rsquo;ils soient accessibles par ascenseur ou non.<\/li><li><strong>Sortie sur voirie :<\/strong> Nous nous chargeons \u00e9galement de la sortie des encombrants sur la voirie, en coordination avec le service de la mairie.<\/li><\/ul>\t\t\t\t\t\t<\/div>\n\t\t\t\t<\/div>\n\t\t\t\t<div class=\"elementor-element elementor-element-72a2230c elementor-widget elementor-widget-spacer\" data-id=\"72a2230c\" data-element_type=\"widget\" data-widget_type=\"spacer.default\">\n\t\t\t\t<div class=\"elementor-widget-container\">\n\t\t\t<style>\/*! elementor - v3.22.0 - 26-06-2024 *\/\n.elementor-column .elementor-spacer-inner{height:var(--spacer-size)}.e-con{--container-widget-width:100%}.e-con-inner>.elementor-widget-spacer,.e-con>.elementor-widget-spacer{width:var(--container-widget-width,var(--spacer-size));--align-self:var(--container-widget-align-self,initial);--flex-shrink:0}.e-con-inner>.elementor-widget-spacer>.elementor-widget-container,.e-con>.elementor-widget-spacer>.elementor-widget-container{height:100%;width:100%}.e-con-inner>.elementor-widget-spacer>.elementor-widget-container>.elementor-spacer,.e-con>.elementor-widget-spacer>.elementor-widget-container>.elementor-spacer{height:100%}.e-con-inner>.elementor-widget-spacer>.elementor-widget-container>.elementor-spacer>.elementor-spacer-inner,.e-con>.elementor-widget-spacer>.elementor-widget-container>.elementor-spacer>.elementor-spacer-inner{height:var(--container-widget-height,var(--spacer-size))}.e-con-inner>.elementor-widget-spacer.elementor-widget-empty,.e-con>.elementor-widget-spacer.elementor-widget-empty{position:relative;min-height:22px;min-width:22px}.e-con-inner>.elementor-widget-spacer.elementor-widget-empty .elementor-widget-empty-icon,.e-con>.elementor-widget-spacer.elementor-widget-empty .elementor-widget-empty-icon{position:absolute;top:0;bottom:0;left:0;right:0;margin:auto;padding:0;width:22px;height:22px}<\/style>\t\t<div class=\"elementor-spacer\">\n\t\t\t<div class=\"elementor-spacer-inner\"><\/div>\n\t\t<\/div>\n\t\t\t\t<\/div>\n\t\t\t\t<\/div>\n\t\t\t\t<\/div>\n\t\t\t\t\t<\/div>\n\t\t\t\t<\/div>\n\t\t<div class=\"elementor-element elementor-element-f8a43ee e-con-full e-flex e-con e-parent\" data-id=\"f8a43ee\" data-element_type=\"container\" data-settings=\"{&quot;background_background&quot;:&quot;classic&quot;}\">\n\t\t<div class=\"elementor-element elementor-element-5b79d7b e-con-full e-flex e-con e-child\" data-id=\"5b79d7b\" data-element_type=\"container\" data-settings=\"{&quot;background_background&quot;:&quot;slideshow&quot;,&quot;background_slideshow_gallery&quot;:[{&quot;id&quot;:208,&quot;url&quot;:&quot;http:\\\/\\\/max-clean-evolution.fr\\\/wp-content\\\/uploads\\\/2024\\\/07\\\/decor.png&quot;}],&quot;background_slideshow_loop&quot;:&quot;yes&quot;,&quot;background_slideshow_slide_duration&quot;:5000,&quot;background_slideshow_slide_transition&quot;:&quot;fade&quot;,&quot;background_slideshow_transition_duration&quot;:500}\">\n\t\t<div class=\"elementor-element elementor-element-139c0b6 e-flex e-con-boxed e-con e-child\" data-id=\"139c0b6\" data-element_type=\"container\">\n\t\t\t\t\t<div class=\"e-con-inner\">\n\t\t<div class=\"elementor-element elementor-element-a03467d e-con-full e-flex e-con e-child\" data-id=\"a03467d\" data-element_type=\"container\">\n\t\t\t\t<div class=\"elementor-element elementor-element-9349c64 elementor-widget elementor-widget-heading\" data-id=\"9349c64\" data-element_type=\"widget\" data-widget_type=\"heading.default\">\n\t\t\t\t<div class=\"elementor-widget-container\">\n\t\t\t<h2 class=\"elementor-heading-title elementor-size-default\">Etes vous pr\u00eat \u00e0 travailler avec nous ?<\/h2>\t\t<\/div>\n\t\t\t\t<\/div>\n\t\t\t\t<div class=\"elementor-element elementor-element-2632ee2 elementor-widget elementor-widget-text-editor\" data-id=\"2632ee2\" data-element_type=\"widget\" data-widget_type=\"text-editor.default\">\n\t\t\t\t<div class=\"elementor-widget-container\">\n\t\t\t\t\t\t\t<p><span style=\"text-align: center; background-color: #fbfbfb;\">Des professionnels du nettoyage \u00e0 votre service. Demandez votre devis gratuit d\u00e8s maintenant !<\/span><\/p>\t\t\t\t\t\t<\/div>\n\t\t\t\t<\/div>\n\t\t\t\t<div class=\"elementor-element elementor-element-43773de elementor-widget elementor-widget-button\" data-id=\"43773de\" data-element_type=\"widget\" data-widget_type=\"button.default\">\n\t\t\t\t<div class=\"elementor-widget-container\">\n\t\t\t\t\t<div class=\"elementor-button-wrapper\">\n\t\t\t<a class=\"elementor-button elementor-button-link elementor-size-sm\" href=\"https:\/\/max-clean-evolution.fr\/index.php\/contact\/\">\n\t\t\t\t\t\t<span class=\"elementor-button-content-wrapper\">\n\t\t\t\t\t\t\t\t\t<span class=\"elementor-button-text\">Cliquez ici<\/span>\n\t\t\t\t\t<\/span>\n\t\t\t\t\t<\/a>\n\t\t<\/div>\n\t\t\t\t<\/div>\n\t\t\t\t<\/div>\n\t\t\t\t<\/div>\n\t\t\t\t\t<\/div>\n\t\t\t\t<\/div>\n\t\t\t\t<\/div>\n\t\t\t\t<\/div>\n\t\t\t\t<\/div>\n\t\t","protected":false},"excerpt":{"rendered":"<p>Chez Max Clean Evolution, nous vous proposons un service complet de gestion et de retrait d&rsquo;encombrants. Que ce soit pour votre domicile, votre entreprise ou vos espaces publics, nous sommes l\u00e0 pour vous accompagner dans le d\u00e9sencombrement. Nos services comprennent : Retrait d&rsquo;encombrants au meilleur prix : Nos tarifs sont appliqu\u00e9s par m\u00e8tre cube de [&hellip;]<\/p>\n","protected":false},"author":1,"featured_media":0,"parent":26,"menu_order":0,"comment_status":"closed","ping_status":"closed","template":"","meta":{"_acf_changed":false,"footnotes":""},"class_list":["post-128","page","type-page","status-publish","hentry"],"acf":[],"_links":{"self":[{"href":"https:\/\/max-clean-evolution.fr\/index.php\/wp-json\/wp\/v2\/pages\/128","targetHints":{"allow":["GET"]}}],"collection":[{"href":"https:\/\/max-clean-evolution.fr\/index.php\/wp-json\/wp\/v2\/pages"}],"about":[{"href":"https:\/\/max-clean-evolution.fr\/index.php\/wp-json\/wp\/v2\/types\/page"}],"author":[{"embeddable":true,"href":"https:\/\/max-clean-evolution.fr\/index.php\/wp-json\/wp\/v2\/users\/1"}],"replies":[{"embeddable":true,"href":"https:\/\/max-clean-evolution.fr\/index.php\/wp-json\/wp\/v2\/comments?post=128"}],"version-history":[{"count":19,"href":"https:\/\/max-clean-evolution.fr\/index.php\/wp-json\/wp\/v2\/pages\/128\/revisions"}],"predecessor-version":[{"id":575,"href":"https:\/\/max-clean-evolution.fr\/index.php\/wp-json\/wp\/v2\/pages\/128\/revisions\/575"}],"up":[{"embeddable":true,"href":"https:\/\/max-clean-evolution.fr\/index.php\/wp-json\/wp\/v2\/pages\/26"}],"wp:attachment":[{"href":"https:\/\/max-clean-evolution.fr\/index.php\/wp-json\/wp\/v2\/media?parent=128"}],"curies":[{"name":"wp","href":"https:\/\/api.w.org\/{rel}","templated":true}]}}