{"id":130,"date":"2024-07-03T18:24:12","date_gmt":"2024-07-03T16:24:12","guid":{"rendered":"https:\/\/max-clean-evolution.fr\/?page_id=130"},"modified":"2024-10-13T15:45:01","modified_gmt":"2024-10-13T13:45:01","slug":"nettoyage","status":"publish","type":"page","link":"https:\/\/max-clean-evolution.fr\/index.php\/services\/nettoyage\/","title":{"rendered":"Nettoyage"},"content":{"rendered":"\t\t<div data-elementor-type=\"wp-page\" data-elementor-id=\"130\" class=\"elementor elementor-130\" data-elementor-post-type=\"page\">\n\t\t\t\t<div class=\"elementor-element elementor-element-62f1aaba e-flex e-con-boxed e-con e-parent\" data-id=\"62f1aaba\" data-element_type=\"container\">\n\t\t\t\t\t<div class=\"e-con-inner\">\n\t\t<div class=\"elementor-element elementor-element-7c61dd1d e-con-full e-flex e-con e-child\" data-id=\"7c61dd1d\" data-element_type=\"container\">\n\t\t<div class=\"elementor-element elementor-element-d95569a e-con-full e-flex e-con e-child\" data-id=\"d95569a\" data-element_type=\"container\" data-settings=\"{&quot;background_background&quot;:&quot;gradient&quot;}\">\n\t\t<div class=\"elementor-element elementor-element-5a0a63a e-con-full e-flex e-con e-child\" data-id=\"5a0a63a\" data-element_type=\"container\">\n\t\t\t\t<div class=\"elementor-element elementor-element-162defbf elementor-widget elementor-widget-heading\" data-id=\"162defbf\" data-element_type=\"widget\" data-widget_type=\"heading.default\">\n\t\t\t\t<div class=\"elementor-widget-container\">\n\t\t\t<style>\/*! elementor - v3.22.0 - 26-06-2024 *\/\n.elementor-heading-title{padding:0;margin:0;line-height:1}.elementor-widget-heading .elementor-heading-title[class*=elementor-size-]>a{color:inherit;font-size:inherit;line-height:inherit}.elementor-widget-heading .elementor-heading-title.elementor-size-small{font-size:15px}.elementor-widget-heading .elementor-heading-title.elementor-size-medium{font-size:19px}.elementor-widget-heading .elementor-heading-title.elementor-size-large{font-size:29px}.elementor-widget-heading .elementor-heading-title.elementor-size-xl{font-size:39px}.elementor-widget-heading .elementor-heading-title.elementor-size-xxl{font-size:59px}<\/style><h1 class=\"elementor-heading-title elementor-size-default\">Nettoyage<\/h1>\t\t<\/div>\n\t\t\t\t<\/div>\n\t\t\t\t<div class=\"elementor-element elementor-element-95c0c25 elementor-widget elementor-widget-heading\" data-id=\"95c0c25\" data-element_type=\"widget\" data-widget_type=\"heading.default\">\n\t\t\t\t<div class=\"elementor-widget-container\">\n\t\t\t<h2 class=\"elementor-heading-title elementor-size-default\">Nettoyage de Logement Insalubre<\/h2>\t\t<\/div>\n\t\t\t\t<\/div>\n\t\t\t\t<div class=\"elementor-element elementor-element-a29f944 elementor-invisible elementor-widget elementor-widget-text-editor\" data-id=\"a29f944\" data-element_type=\"widget\" data-settings=\"{&quot;_animation&quot;:&quot;fadeInUp&quot;}\" data-widget_type=\"text-editor.default\">\n\t\t\t\t<div class=\"elementor-widget-container\">\n\t\t\t<style>\/*! elementor - v3.22.0 - 26-06-2024 *\/\n.elementor-widget-text-editor.elementor-drop-cap-view-stacked .elementor-drop-cap{background-color:#69727d;color:#fff}.elementor-widget-text-editor.elementor-drop-cap-view-framed .elementor-drop-cap{color:#69727d;border:3px solid;background-color:transparent}.elementor-widget-text-editor:not(.elementor-drop-cap-view-default) .elementor-drop-cap{margin-top:8px}.elementor-widget-text-editor:not(.elementor-drop-cap-view-default) .elementor-drop-cap-letter{width:1em;height:1em}.elementor-widget-text-editor .elementor-drop-cap{float:left;text-align:center;line-height:1;font-size:50px}.elementor-widget-text-editor .elementor-drop-cap-letter{display:inline-block}<\/style>\t\t\t\t<p><strong>Max Clean Evolution<\/strong> est sp\u00e9cialis\u00e9 dans le nettoyage de logements insalubres, incluant le syndrome de Diog\u00e8ne et les interventions apr\u00e8s d\u00e9c\u00e8s. Nous offrons des services complets de d\u00e9sinfection, d\u00e9sencombrement et d\u00e9sodorisation, avec discr\u00e9tion et professionnalisme.<\/p>\t\t\t\t\t\t<\/div>\n\t\t\t\t<\/div>\n\t\t\t\t<\/div>\n\t\t<div class=\"elementor-element elementor-element-3085fb5 e-con-full e-flex e-con e-child\" data-id=\"3085fb5\" data-element_type=\"container\">\n\t\t\t\t<div class=\"elementor-element elementor-element-9b8ffb2 elementor-widget__width-initial elementor-invisible elementor-widget elementor-widget-image\" data-id=\"9b8ffb2\" data-element_type=\"widget\" data-settings=\"{&quot;_animation&quot;:&quot;fadeInDown&quot;,&quot;_animation_tablet&quot;:&quot;fadeInLeft&quot;}\" data-widget_type=\"image.default\">\n\t\t\t\t<div class=\"elementor-widget-container\">\n\t\t\t<style>\/*! elementor - v3.22.0 - 26-06-2024 *\/\n.elementor-widget-image{text-align:center}.elementor-widget-image a{display:inline-block}.elementor-widget-image a img[src$=\".svg\"]{width:48px}.elementor-widget-image img{vertical-align:middle;display:inline-block}<\/style>\t\t\t\t\t\t\t\t\t\t<img fetchpriority=\"high\" decoding=\"async\" width=\"600\" height=\"800\" src=\"https:\/\/max-clean-evolution.fr\/wp-content\/uploads\/2024\/10\/IMG_6230.jpg\" class=\"attachment-large size-large wp-image-501\" alt=\"\" srcset=\"https:\/\/max-clean-evolution.fr\/wp-content\/uploads\/2024\/10\/IMG_6230.jpg 600w, https:\/\/max-clean-evolution.fr\/wp-content\/uploads\/2024\/10\/IMG_6230-225x300.jpg 225w\" sizes=\"(max-width: 600px) 100vw, 600px\" \/>\t\t\t\t\t\t\t\t\t\t\t\t\t<\/div>\n\t\t\t\t<\/div>\n\t\t\t\t<div class=\"elementor-element elementor-element-fa88f8a elementor-widget__width-initial elementor-invisible elementor-widget elementor-widget-image\" data-id=\"fa88f8a\" data-element_type=\"widget\" data-settings=\"{&quot;_animation&quot;:&quot;fadeInDown&quot;,&quot;_animation_tablet&quot;:&quot;fadeInLeft&quot;}\" data-widget_type=\"image.default\">\n\t\t\t\t<div class=\"elementor-widget-container\">\n\t\t\t\t\t\t\t\t\t\t\t\t\t<img decoding=\"async\" width=\"600\" height=\"800\" src=\"https:\/\/max-clean-evolution.fr\/wp-content\/uploads\/2024\/10\/IMG_6232.jpg\" class=\"attachment-large size-large wp-image-503\" alt=\"\" srcset=\"https:\/\/max-clean-evolution.fr\/wp-content\/uploads\/2024\/10\/IMG_6232.jpg 600w, https:\/\/max-clean-evolution.fr\/wp-content\/uploads\/2024\/10\/IMG_6232-225x300.jpg 225w\" sizes=\"(max-width: 600px) 100vw, 600px\" \/>\t\t\t\t\t\t\t\t\t\t\t\t\t<\/div>\n\t\t\t\t<\/div>\n\t\t\t\t<\/div>\n\t\t\t\t<\/div>\n\t\t\t\t<\/div>\n\t\t<div class=\"elementor-element elementor-element-15fe943a e-con-full e-flex e-con e-child\" data-id=\"15fe943a\" data-element_type=\"container\">\n\t\t<div class=\"elementor-element elementor-element-6e29801 e-con-full e-flex e-con e-child\" data-id=\"6e29801\" data-element_type=\"container\">\n\t\t<div class=\"elementor-element elementor-element-4b51722 e-con-full e-flex e-con e-child\" data-id=\"4b51722\" data-element_type=\"container\">\n\t\t\t\t<div class=\"elementor-element elementor-element-d497915 elementor-widget elementor-widget-heading\" data-id=\"d497915\" data-element_type=\"widget\" data-widget_type=\"heading.default\">\n\t\t\t\t<div class=\"elementor-widget-container\">\n\t\t\t<h2 class=\"elementor-heading-title elementor-size-default\">Nos services incluent :<\/h2>\t\t<\/div>\n\t\t\t\t<\/div>\n\t\t\t\t<div class=\"elementor-element elementor-element-4ed4b5a elementor-invisible elementor-widget elementor-widget-text-editor\" data-id=\"4ed4b5a\" data-element_type=\"widget\" data-settings=\"{&quot;_animation&quot;:&quot;fadeInUp&quot;}\" data-widget_type=\"text-editor.default\">\n\t\t\t\t<div class=\"elementor-widget-container\">\n\t\t\t\t\t\t\t<ul><li>Tri et d\u00e9barras d\u2019objets encombrants<\/li><li>Nettoyage en profondeur et d\u00e9sinfection des surfaces<\/li><li>\u00c9limination des d\u00e9chets et nuisibles<\/li><li>D\u00e9sodorisation des lieux (ozone, n\u00e9bulisation)<\/li><\/ul>\t\t\t\t\t\t<\/div>\n\t\t\t\t<\/div>\n\t\t\t\t<div class=\"elementor-element elementor-element-d40eb78 elementor-invisible elementor-widget elementor-widget-text-editor\" data-id=\"d40eb78\" data-element_type=\"widget\" data-settings=\"{&quot;_animation&quot;:&quot;fadeInUp&quot;}\" data-widget_type=\"text-editor.default\">\n\t\t\t\t<div class=\"elementor-widget-container\">\n\t\t\t\t\t\t\t<p>Nous comprenons la sensibilit\u00e9 de ces situations et intervenons rapidement pour assurer un environnement sain et s\u00e9curis\u00e9. Faites confiance \u00e0 notre \u00e9quipe qualifi\u00e9e, disponible <strong>24h\/24<\/strong> pour vous accompagner dans la remise en \u00e9tat de votre logement.<\/p>\t\t\t\t\t\t<\/div>\n\t\t\t\t<\/div>\n\t\t\t\t<\/div>\n\t\t\t\t<\/div>\n\t\t\t\t<\/div>\n\t\t<div class=\"elementor-element elementor-element-5a497ee e-con-full e-flex e-con e-child\" data-id=\"5a497ee\" data-element_type=\"container\">\n\t\t\t\t<div class=\"elementor-element elementor-element-309969a elementor-widget elementor-widget-heading\" data-id=\"309969a\" data-element_type=\"widget\" data-widget_type=\"heading.default\">\n\t\t\t\t<div class=\"elementor-widget-container\">\n\t\t\t<h2 class=\"elementor-heading-title elementor-size-default\">Nettoyage apr\u00e8s refoulement des logements et parties communes<\/h2>\t\t<\/div>\n\t\t\t\t<\/div>\n\t\t\t\t<div class=\"elementor-element elementor-element-f55cfb0 elementor-invisible elementor-widget elementor-widget-text-editor\" data-id=\"f55cfb0\" data-element_type=\"widget\" data-settings=\"{&quot;_animation&quot;:&quot;fadeInUp&quot;}\" data-widget_type=\"text-editor.default\">\n\t\t\t\t<div class=\"elementor-widget-container\">\n\t\t\t\t\t\t\t<p>Max Clean Evolution intervient rapidement et efficacement pour le nettoyage apr\u00e8s refoulement, que ce soit dans les logements ou les parties communes. Nos \u00e9quipes sp\u00e9cialis\u00e9es s&rsquo;assurent de remettre les lieux en \u00e9tat apr\u00e8s tout incident de refoulement d&rsquo;eaux us\u00e9es, garantissant un nettoyage en profondeur, la d\u00e9sinfection des surfaces concern\u00e9es et l&rsquo;\u00e9limination des r\u00e9sidus nocifs. Gr\u00e2ce \u00e0 l&rsquo;utilisation de mat\u00e9riels adapt\u00e9s et de produits de nettoyage sp\u00e9cifiques, nous vous assurons un environnement propre et sain, tout en respectant les normes d&rsquo;hygi\u00e8ne les plus strictes. Faites confiance \u00e0 Max Clean Evolution pour r\u00e9tablir la propret\u00e9 et la s\u00e9curit\u00e9 de vos espaces \u00e0 la suite d\u2019un refoulement.<\/p>\t\t\t\t\t\t<\/div>\n\t\t\t\t<\/div>\n\t\t\t\t<\/div>\n\t\t<div class=\"elementor-element elementor-element-79dcaab e-con-full e-flex e-con e-child\" data-id=\"79dcaab\" data-element_type=\"container\">\n\t\t\t\t<div class=\"elementor-element elementor-element-5c6888a elementor-widget elementor-widget-heading\" data-id=\"5c6888a\" data-element_type=\"widget\" data-widget_type=\"heading.default\">\n\t\t\t\t<div class=\"elementor-widget-container\">\n\t\t\t<h2 class=\"elementor-heading-title elementor-size-default\">M\u00e9tallisation des Sols<\/h2>\t\t<\/div>\n\t\t\t\t<\/div>\n\t\t\t\t<div class=\"elementor-element elementor-element-a8e0948 elementor-invisible elementor-widget elementor-widget-text-editor\" data-id=\"a8e0948\" data-element_type=\"widget\" data-settings=\"{&quot;_animation&quot;:&quot;fadeInUp&quot;}\" data-widget_type=\"text-editor.default\">\n\t\t\t\t<div class=\"elementor-widget-container\">\n\t\t\t\t\t\t\t<p>Chez Max Clean Evolution, nous offrons un service de m\u00e9tallisation des sols pour garantir une protection durable et un aspect brillant \u00e0 vos surfaces. Ce proc\u00e9d\u00e9 consiste \u00e0 appliquer plusieurs couches de protection sur vos sols, cr\u00e9ant ainsi une barri\u00e8re r\u00e9sistante contre les rayures, les taches et l&rsquo;usure quotidienne. En plus de prot\u00e9ger vos sols, la m\u00e9tallisation leur donne un aspect brillant et impeccable, id\u00e9al pour les espaces \u00e0 fort passage. Nos \u00e9quipes utilisent des produits de haute qualit\u00e9 pour un r\u00e9sultat \u00e0 la fois esth\u00e9tique et durable. Faites confiance \u00e0 Max Clean Evolution pour redonner vie \u00e0 vos sols tout en prolongeant leur durabilit\u00e9. D\u00e9couvrez l&rsquo;alliance parfaite entre protection et esth\u00e9tique durable. Choisissez l&rsquo;excellence avec Max Clean Evolution, pour des sols prot\u00e9g\u00e9s et un entretien simplifi\u00e9.<\/p>\t\t\t\t\t\t<\/div>\n\t\t\t\t<\/div>\n\t\t\t\t<\/div>\n\t\t<div class=\"elementor-element elementor-element-8852905 e-con-full e-flex e-con e-child\" data-id=\"8852905\" data-element_type=\"container\">\n\t\t\t\t<div class=\"elementor-element elementor-element-0fe0485 elementor-widget elementor-widget-heading\" data-id=\"0fe0485\" data-element_type=\"widget\" data-widget_type=\"heading.default\">\n\t\t\t\t<div class=\"elementor-widget-container\">\n\t\t\t<h2 class=\"elementor-heading-title elementor-size-default\">Cristallisation de Marbre<\/h2>\t\t<\/div>\n\t\t\t\t<\/div>\n\t\t\t\t<div class=\"elementor-element elementor-element-dc72dd0 elementor-invisible elementor-widget elementor-widget-text-editor\" data-id=\"dc72dd0\" data-element_type=\"widget\" data-settings=\"{&quot;_animation&quot;:&quot;fadeInUp&quot;}\" data-widget_type=\"text-editor.default\">\n\t\t\t\t<div class=\"elementor-widget-container\">\n\t\t\t\t\t\t\t<p>Max Clean Evolution vous propose un service de cristallisation de marbre, un proc\u00e9d\u00e9 qui redonne \u00e0 vos sols en marbre leur \u00e9clat d&rsquo;origine tout en renfor\u00e7ant leur durabilit\u00e9. Gr\u00e2ce \u00e0 une technique sp\u00e9cifique utilisant des produits professionnels et une monobrosse \u00e9quip\u00e9e de disques adapt\u00e9s, nous transformons les surfaces ternies en v\u00e9ritables miroirs. Ce traitement prot\u00e8ge \u00e9galement le marbre des taches et de l&rsquo;usure, tout en facilitant son entretien. Nos \u00e9quipes qualifi\u00e9es interviennent rapidement pour assurer un r\u00e9sultat impeccable et durable. Faites confiance \u00e0 Max Clean Evolution pour pr\u00e9server la beaut\u00e9 et la long\u00e9vit\u00e9 de vos sols en marbre.<\/p>\t\t\t\t\t\t<\/div>\n\t\t\t\t<\/div>\n\t\t\t\t<\/div>\n\t\t\t\t\t<\/div>\n\t\t\t\t<\/div>\n\t\t<div class=\"elementor-element elementor-element-348d15d e-con-full e-flex e-con e-parent\" data-id=\"348d15d\" data-element_type=\"container\" data-settings=\"{&quot;background_background&quot;:&quot;classic&quot;}\">\n\t\t<div class=\"elementor-element elementor-element-d66f0ee e-con-full e-flex e-con e-child\" data-id=\"d66f0ee\" data-element_type=\"container\" data-settings=\"{&quot;background_background&quot;:&quot;slideshow&quot;,&quot;background_slideshow_gallery&quot;:[{&quot;id&quot;:208,&quot;url&quot;:&quot;http:\\\/\\\/max-clean-evolution.fr\\\/wp-content\\\/uploads\\\/2024\\\/07\\\/decor.png&quot;}],&quot;background_slideshow_loop&quot;:&quot;yes&quot;,&quot;background_slideshow_slide_duration&quot;:5000,&quot;background_slideshow_slide_transition&quot;:&quot;fade&quot;,&quot;background_slideshow_transition_duration&quot;:500}\">\n\t\t<div class=\"elementor-element elementor-element-f994a83 e-flex e-con-boxed e-con e-child\" data-id=\"f994a83\" data-element_type=\"container\">\n\t\t\t\t\t<div class=\"e-con-inner\">\n\t\t<div class=\"elementor-element elementor-element-e918758 e-con-full e-flex e-con e-child\" data-id=\"e918758\" data-element_type=\"container\">\n\t\t\t\t<div class=\"elementor-element elementor-element-26c7ac6 elementor-widget elementor-widget-heading\" data-id=\"26c7ac6\" data-element_type=\"widget\" data-widget_type=\"heading.default\">\n\t\t\t\t<div class=\"elementor-widget-container\">\n\t\t\t<h2 class=\"elementor-heading-title elementor-size-default\">Etes vous pr\u00eat \u00e0 travailler avec nous ?<\/h2>\t\t<\/div>\n\t\t\t\t<\/div>\n\t\t\t\t<div class=\"elementor-element elementor-element-7776b77 elementor-widget elementor-widget-text-editor\" data-id=\"7776b77\" data-element_type=\"widget\" data-widget_type=\"text-editor.default\">\n\t\t\t\t<div class=\"elementor-widget-container\">\n\t\t\t\t\t\t\t<p><span style=\"text-align: center; background-color: #fbfbfb;\">Des professionnels du nettoyage \u00e0 votre service. Demandez votre devis gratuit d\u00e8s maintenant !<\/span><\/p>\t\t\t\t\t\t<\/div>\n\t\t\t\t<\/div>\n\t\t\t\t<div class=\"elementor-element elementor-element-b40ea3c elementor-widget elementor-widget-button\" data-id=\"b40ea3c\" data-element_type=\"widget\" data-widget_type=\"button.default\">\n\t\t\t\t<div class=\"elementor-widget-container\">\n\t\t\t\t\t<div class=\"elementor-button-wrapper\">\n\t\t\t<a class=\"elementor-button elementor-button-link elementor-size-sm\" href=\"https:\/\/max-clean-evolution.fr\/index.php\/contact\/\">\n\t\t\t\t\t\t<span class=\"elementor-button-content-wrapper\">\n\t\t\t\t\t\t\t\t\t<span class=\"elementor-button-text\">Cliquez ici<\/span>\n\t\t\t\t\t<\/span>\n\t\t\t\t\t<\/a>\n\t\t<\/div>\n\t\t\t\t<\/div>\n\t\t\t\t<\/div>\n\t\t\t\t<\/div>\n\t\t\t\t\t<\/div>\n\t\t\t\t<\/div>\n\t\t\t\t<\/div>\n\t\t\t\t<\/div>\n\t\t\t\t<\/div>\n\t\t","protected":false},"excerpt":{"rendered":"<p>Nettoyage de Logement Insalubre Max Clean Evolution est sp\u00e9cialis\u00e9 dans le nettoyage de logements insalubres, incluant le syndrome de Diog\u00e8ne et les interventions apr\u00e8s d\u00e9c\u00e8s. Nous offrons des services complets de d\u00e9sinfection, d\u00e9sencombrement et d\u00e9sodorisation, avec discr\u00e9tion et professionnalisme. Nos services incluent : Tri et d\u00e9barras d\u2019objets encombrants Nettoyage en profondeur et d\u00e9sinfection des surfaces [&hellip;]<\/p>\n","protected":false},"author":1,"featured_media":0,"parent":26,"menu_order":0,"comment_status":"closed","ping_status":"closed","template":"","meta":{"_acf_changed":false,"footnotes":""},"class_list":["post-130","page","type-page","status-publish","hentry"],"acf":[],"_links":{"self":[{"href":"https:\/\/max-clean-evolution.fr\/index.php\/wp-json\/wp\/v2\/pages\/130","targetHints":{"allow":["GET"]}}],"collection":[{"href":"https:\/\/max-clean-evolution.fr\/index.php\/wp-json\/wp\/v2\/pages"}],"about":[{"href":"https:\/\/max-clean-evolution.fr\/index.php\/wp-json\/wp\/v2\/types\/page"}],"author":[{"embeddable":true,"href":"https:\/\/max-clean-evolution.fr\/index.php\/wp-json\/wp\/v2\/users\/1"}],"replies":[{"embeddable":true,"href":"https:\/\/max-clean-evolution.fr\/index.php\/wp-json\/wp\/v2\/comments?post=130"}],"version-history":[{"count":22,"href":"https:\/\/max-clean-evolution.fr\/index.php\/wp-json\/wp\/v2\/pages\/130\/revisions"}],"predecessor-version":[{"id":546,"href":"https:\/\/max-clean-evolution.fr\/index.php\/wp-json\/wp\/v2\/pages\/130\/revisions\/546"}],"up":[{"embeddable":true,"href":"https:\/\/max-clean-evolution.fr\/index.php\/wp-json\/wp\/v2\/pages\/26"}],"wp:attachment":[{"href":"https:\/\/max-clean-evolution.fr\/index.php\/wp-json\/wp\/v2\/media?parent=130"}],"curies":[{"name":"wp","href":"https:\/\/api.w.org\/{rel}","templated":true}]}}