{"id":22,"date":"2024-06-27T18:48:29","date_gmt":"2024-06-27T16:48:29","guid":{"rendered":"https:\/\/max-clean-evolution.fr\/?page_id=22"},"modified":"2024-10-13T16:41:50","modified_gmt":"2024-10-13T14:41:50","slug":"a-propos","status":"publish","type":"page","link":"https:\/\/max-clean-evolution.fr\/index.php\/a-propos\/","title":{"rendered":"Notre histoire"},"content":{"rendered":"\t\t<div data-elementor-type=\"wp-page\" data-elementor-id=\"22\" class=\"elementor elementor-22\" data-elementor-post-type=\"page\">\n\t\t\t\t<div class=\"elementor-element elementor-element-681b9008 e-con-full e-flex e-con e-parent\" data-id=\"681b9008\" data-element_type=\"container\" data-settings=\"{&quot;background_background&quot;:&quot;classic&quot;}\">\n\t\t<div class=\"elementor-element elementor-element-2d1ade38 e-con-full e-flex e-con e-child\" data-id=\"2d1ade38\" data-element_type=\"container\">\n\t\t\t\t<div class=\"elementor-element elementor-element-1821ffc5 elementor-widget__width-inherit elementor-widget-divider--view-line elementor-invisible elementor-widget elementor-widget-divider\" data-id=\"1821ffc5\" data-element_type=\"widget\" data-settings=\"{&quot;_animation&quot;:&quot;fadeInLeft&quot;}\" data-widget_type=\"divider.default\">\n\t\t\t\t<div class=\"elementor-widget-container\">\n\t\t\t<style>\/*! elementor - v3.22.0 - 26-06-2024 *\/\n.elementor-widget-divider{--divider-border-style:none;--divider-border-width:1px;--divider-color:#0c0d0e;--divider-icon-size:20px;--divider-element-spacing:10px;--divider-pattern-height:24px;--divider-pattern-size:20px;--divider-pattern-url:none;--divider-pattern-repeat:repeat-x}.elementor-widget-divider .elementor-divider{display:flex}.elementor-widget-divider .elementor-divider__text{font-size:15px;line-height:1;max-width:95%}.elementor-widget-divider .elementor-divider__element{margin:0 var(--divider-element-spacing);flex-shrink:0}.elementor-widget-divider .elementor-icon{font-size:var(--divider-icon-size)}.elementor-widget-divider .elementor-divider-separator{display:flex;margin:0;direction:ltr}.elementor-widget-divider--view-line_icon .elementor-divider-separator,.elementor-widget-divider--view-line_text .elementor-divider-separator{align-items:center}.elementor-widget-divider--view-line_icon .elementor-divider-separator:after,.elementor-widget-divider--view-line_icon .elementor-divider-separator:before,.elementor-widget-divider--view-line_text .elementor-divider-separator:after,.elementor-widget-divider--view-line_text .elementor-divider-separator:before{display:block;content:\"\";border-block-end:0;flex-grow:1;border-block-start:var(--divider-border-width) var(--divider-border-style) var(--divider-color)}.elementor-widget-divider--element-align-left .elementor-divider .elementor-divider-separator>.elementor-divider__svg:first-of-type{flex-grow:0;flex-shrink:100}.elementor-widget-divider--element-align-left .elementor-divider-separator:before{content:none}.elementor-widget-divider--element-align-left .elementor-divider__element{margin-left:0}.elementor-widget-divider--element-align-right .elementor-divider .elementor-divider-separator>.elementor-divider__svg:last-of-type{flex-grow:0;flex-shrink:100}.elementor-widget-divider--element-align-right .elementor-divider-separator:after{content:none}.elementor-widget-divider--element-align-right .elementor-divider__element{margin-right:0}.elementor-widget-divider--element-align-start .elementor-divider .elementor-divider-separator>.elementor-divider__svg:first-of-type{flex-grow:0;flex-shrink:100}.elementor-widget-divider--element-align-start .elementor-divider-separator:before{content:none}.elementor-widget-divider--element-align-start .elementor-divider__element{margin-inline-start:0}.elementor-widget-divider--element-align-end .elementor-divider .elementor-divider-separator>.elementor-divider__svg:last-of-type{flex-grow:0;flex-shrink:100}.elementor-widget-divider--element-align-end .elementor-divider-separator:after{content:none}.elementor-widget-divider--element-align-end .elementor-divider__element{margin-inline-end:0}.elementor-widget-divider:not(.elementor-widget-divider--view-line_text):not(.elementor-widget-divider--view-line_icon) .elementor-divider-separator{border-block-start:var(--divider-border-width) var(--divider-border-style) var(--divider-color)}.elementor-widget-divider--separator-type-pattern{--divider-border-style:none}.elementor-widget-divider--separator-type-pattern.elementor-widget-divider--view-line .elementor-divider-separator,.elementor-widget-divider--separator-type-pattern:not(.elementor-widget-divider--view-line) .elementor-divider-separator:after,.elementor-widget-divider--separator-type-pattern:not(.elementor-widget-divider--view-line) .elementor-divider-separator:before,.elementor-widget-divider--separator-type-pattern:not([class*=elementor-widget-divider--view]) .elementor-divider-separator{width:100%;min-height:var(--divider-pattern-height);-webkit-mask-size:var(--divider-pattern-size) 100%;mask-size:var(--divider-pattern-size) 100%;-webkit-mask-repeat:var(--divider-pattern-repeat);mask-repeat:var(--divider-pattern-repeat);background-color:var(--divider-color);-webkit-mask-image:var(--divider-pattern-url);mask-image:var(--divider-pattern-url)}.elementor-widget-divider--no-spacing{--divider-pattern-size:auto}.elementor-widget-divider--bg-round{--divider-pattern-repeat:round}.rtl .elementor-widget-divider .elementor-divider__text{direction:rtl}.e-con-inner>.elementor-widget-divider,.e-con>.elementor-widget-divider{width:var(--container-widget-width,100%);--flex-grow:var(--container-widget-flex-grow)}<\/style>\t\t<div class=\"elementor-divider\">\n\t\t\t<span class=\"elementor-divider-separator\">\n\t\t\t\t\t\t<\/span>\n\t\t<\/div>\n\t\t\t\t<\/div>\n\t\t\t\t<\/div>\n\t\t\t\t<div class=\"elementor-element elementor-element-40369f82 elementor-widget__width-initial elementor-widget-tablet__width-inherit elementor-widget elementor-widget-heading\" data-id=\"40369f82\" data-element_type=\"widget\" data-widget_type=\"heading.default\">\n\t\t\t\t<div class=\"elementor-widget-container\">\n\t\t\t<style>\/*! elementor - v3.22.0 - 26-06-2024 *\/\n.elementor-heading-title{padding:0;margin:0;line-height:1}.elementor-widget-heading .elementor-heading-title[class*=elementor-size-]>a{color:inherit;font-size:inherit;line-height:inherit}.elementor-widget-heading .elementor-heading-title.elementor-size-small{font-size:15px}.elementor-widget-heading .elementor-heading-title.elementor-size-medium{font-size:19px}.elementor-widget-heading .elementor-heading-title.elementor-size-large{font-size:29px}.elementor-widget-heading .elementor-heading-title.elementor-size-xl{font-size:39px}.elementor-widget-heading .elementor-heading-title.elementor-size-xxl{font-size:59px}<\/style><h2 class=\"elementor-heading-title elementor-size-default\">L'histoire de Max Clean Evolution<\/h2>\t\t<\/div>\n\t\t\t\t<\/div>\n\t\t\t\t<div class=\"elementor-element elementor-element-4e47b78d elementor-widget__width-initial elementor-widget-tablet__width-inherit elementor-widget elementor-widget-text-editor\" data-id=\"4e47b78d\" data-element_type=\"widget\" data-widget_type=\"text-editor.default\">\n\t\t\t\t<div class=\"elementor-widget-container\">\n\t\t\t<style>\/*! elementor - v3.22.0 - 26-06-2024 *\/\n.elementor-widget-text-editor.elementor-drop-cap-view-stacked .elementor-drop-cap{background-color:#69727d;color:#fff}.elementor-widget-text-editor.elementor-drop-cap-view-framed .elementor-drop-cap{color:#69727d;border:3px solid;background-color:transparent}.elementor-widget-text-editor:not(.elementor-drop-cap-view-default) .elementor-drop-cap{margin-top:8px}.elementor-widget-text-editor:not(.elementor-drop-cap-view-default) .elementor-drop-cap-letter{width:1em;height:1em}.elementor-widget-text-editor .elementor-drop-cap{float:left;text-align:center;line-height:1;font-size:50px}.elementor-widget-text-editor .elementor-drop-cap-letter{display:inline-block}<\/style>\t\t\t\t<p>Max Clean Evolution s\u2019est impos\u00e9e comme une r\u00e9f\u00e9rence incontournable dans le secteur de la propret\u00e9, port\u00e9e par les valeurs de Youssef SALHI. Fond\u00e9e en 2024, cette entreprise est n\u00e9e de la vision et de la d\u00e9termination de son fondateur, passionn\u00e9 par le nettoyage et l\u2019entretien.<\/p>\t\t\t\t\t\t<\/div>\n\t\t\t\t<\/div>\n\t\t\t\t<\/div>\n\t\t\t\t<\/div>\n\t\t<div class=\"elementor-element elementor-element-2a3478ca e-con-full e-flex e-con e-parent\" data-id=\"2a3478ca\" data-element_type=\"container\" data-settings=\"{&quot;background_background&quot;:&quot;gradient&quot;}\">\n\t\t<div class=\"elementor-element elementor-element-49c7d2e8 e-con-full e-flex e-con e-child\" data-id=\"49c7d2e8\" data-element_type=\"container\">\n\t\t\t\t<div class=\"elementor-element elementor-element-20a7c65 elementor-invisible elementor-widget elementor-widget-text-editor\" data-id=\"20a7c65\" data-element_type=\"widget\" data-settings=\"{&quot;_animation&quot;:&quot;fadeInUp&quot;}\" data-widget_type=\"text-editor.default\">\n\t\t\t\t<div class=\"elementor-widget-container\">\n\t\t\t\t\t\t\t<p>D\u00e8s ses d\u00e9buts en tant que micro-entreprise, Youssef SALHI a su \u00e9tablir des standards \u00e9lev\u00e9s et investir dans des \u00e9quipements modernes pour offrir des r\u00e9sultats irr\u00e9prochables, tout en veillant \u00e0 l\u2019ergonomie de ses \u00e9quipes. Aujourd\u2019hui reconnue pour son expertise, Max Clean Evolution est le partenaire privil\u00e9gi\u00e9 des professionnels de l\u2019immobilier.<\/p><p>Forte de son succ\u00e8s, l\u2019entreprise ambitionne d\u00e9sormais de s\u2019\u00e9tendre dans les d\u00e9partements de la Sarthe, du Maine-et-Loire, de la Loire-Atlantique et de la Vend\u00e9e.<\/p>\t\t\t\t\t\t<\/div>\n\t\t\t\t<\/div>\n\t\t\t\t<\/div>\n\t\t<div class=\"elementor-element elementor-element-1ad04200 e-con-full e-flex e-con e-child\" data-id=\"1ad04200\" data-element_type=\"container\">\n\t\t\t\t<div class=\"elementor-element elementor-element-40a1c1bb elementor-widget__width-inherit elementor-invisible elementor-widget elementor-widget-image\" data-id=\"40a1c1bb\" data-element_type=\"widget\" data-settings=\"{&quot;_animation&quot;:&quot;fadeIn&quot;}\" data-widget_type=\"image.default\">\n\t\t\t\t<div class=\"elementor-widget-container\">\n\t\t\t<style>\/*! elementor - v3.22.0 - 26-06-2024 *\/\n.elementor-widget-image{text-align:center}.elementor-widget-image a{display:inline-block}.elementor-widget-image a img[src$=\".svg\"]{width:48px}.elementor-widget-image img{vertical-align:middle;display:inline-block}<\/style>\t\t\t\t\t\t\t\t\t\t<img fetchpriority=\"high\" decoding=\"async\" width=\"566\" height=\"800\" src=\"https:\/\/max-clean-evolution.fr\/wp-content\/uploads\/2024\/08\/Youssef-3-1.png\" class=\"attachment-large size-large wp-image-277\" alt=\"\" srcset=\"https:\/\/max-clean-evolution.fr\/wp-content\/uploads\/2024\/08\/Youssef-3-1.png 566w, https:\/\/max-clean-evolution.fr\/wp-content\/uploads\/2024\/08\/Youssef-3-1-212x300.png 212w\" sizes=\"(max-width: 566px) 100vw, 566px\" \/>\t\t\t\t\t\t\t\t\t\t\t\t\t<\/div>\n\t\t\t\t<\/div>\n\t\t\t\t<\/div>\n\t\t\t\t<\/div>\n\t\t<div class=\"elementor-element elementor-element-8c1529b e-con-full e-flex e-con e-parent\" data-id=\"8c1529b\" data-element_type=\"container\" data-settings=\"{&quot;background_background&quot;:&quot;gradient&quot;}\">\n\t\t<div class=\"elementor-element elementor-element-0f7c5f5 e-con-full e-flex e-con e-child\" data-id=\"0f7c5f5\" data-element_type=\"container\">\n\t\t\t\t<div class=\"elementor-element elementor-element-728623e elementor-widget-divider--view-line elementor-invisible elementor-widget elementor-widget-divider\" data-id=\"728623e\" data-element_type=\"widget\" data-settings=\"{&quot;_animation&quot;:&quot;fadeInLeft&quot;}\" data-widget_type=\"divider.default\">\n\t\t\t\t<div class=\"elementor-widget-container\">\n\t\t\t\t\t<div class=\"elementor-divider\">\n\t\t\t<span class=\"elementor-divider-separator\">\n\t\t\t\t\t\t<\/span>\n\t\t<\/div>\n\t\t\t\t<\/div>\n\t\t\t\t<\/div>\n\t\t\t\t<div class=\"elementor-element elementor-element-9a2b45c elementor-widget elementor-widget-heading\" data-id=\"9a2b45c\" data-element_type=\"widget\" data-widget_type=\"heading.default\">\n\t\t\t\t<div class=\"elementor-widget-container\">\n\t\t\t<h2 class=\"elementor-heading-title elementor-size-default\">La Gen\u00e8se de MAX CLEAN EVOLUTION<\/h2>\t\t<\/div>\n\t\t\t\t<\/div>\n\t\t\t\t<div class=\"elementor-element elementor-element-8a459e9 elementor-invisible elementor-widget elementor-widget-text-editor\" data-id=\"8a459e9\" data-element_type=\"widget\" data-settings=\"{&quot;_animation&quot;:&quot;fadeInUp&quot;}\" data-widget_type=\"text-editor.default\">\n\t\t\t\t<div class=\"elementor-widget-container\">\n\t\t\t\t\t\t\t<p>L\u2019histoire de Max Clean Evolution d\u00e9bute entre le Maine-et-Loire et la Loire-Atlantique, o\u00f9 Youssef Salhi, fondateur italo-marocain, d\u00e9cide de centrer son activit\u00e9 sur le nettoyage des parties communes, des logements, ainsi que sur les services sp\u00e9cialis\u00e9s tels que le nettoyage post-mortem et les nettoyages extr\u00eames. Fort de son exp\u00e9rience en tant qu&rsquo;agent de proximit\u00e9 pour plusieurs bailleurs sociaux et apr\u00e8s de nombreuses formations, il ma\u00eetrise parfaitement ce domaine. D\u00e9sireux de partager son expertise avec les bailleurs sociaux et les copropri\u00e9t\u00e9s, il offre des solutions aux probl\u00e8mes quotidiens. Anim\u00e9 par une forte sensibilit\u00e9 sociale, Youssef a souvent \u00e9t\u00e9 confront\u00e9 \u00e0 des situations de pr\u00e9carit\u00e9, notamment en lien avec des syndromes comme celui de Diog\u00e8ne, et souhaite \u00eatre proche de ceux qui ont besoin d\u2019aide. Ses exp\u00e9riences internationales, notamment en Italie, en Norv\u00e8ge et aux \u00c9tats-Unis, enrichissent \u00e9galement son approche.<br \/><br \/><\/p>\t\t\t\t\t\t<\/div>\n\t\t\t\t<\/div>\n\t\t\t\t<\/div>\n\t\t\t\t<\/div>\n\t\t<div class=\"elementor-element elementor-element-ea7f81e e-con-full e-flex e-con e-parent\" data-id=\"ea7f81e\" data-element_type=\"container\" data-settings=\"{&quot;background_background&quot;:&quot;gradient&quot;}\">\n\t\t<div class=\"elementor-element elementor-element-bed3880 e-con-full e-flex e-con e-child\" data-id=\"bed3880\" data-element_type=\"container\">\n\t\t<div class=\"elementor-element elementor-element-785d241 e-con-full e-flex e-con e-child\" data-id=\"785d241\" data-element_type=\"container\">\n\t\t\t\t<div class=\"elementor-element elementor-element-d5475f0 elementor-widget-divider--view-line elementor-invisible elementor-widget elementor-widget-divider\" data-id=\"d5475f0\" data-element_type=\"widget\" data-settings=\"{&quot;_animation&quot;:&quot;fadeInLeft&quot;}\" data-widget_type=\"divider.default\">\n\t\t\t\t<div class=\"elementor-widget-container\">\n\t\t\t\t\t<div class=\"elementor-divider\">\n\t\t\t<span class=\"elementor-divider-separator\">\n\t\t\t\t\t\t<\/span>\n\t\t<\/div>\n\t\t\t\t<\/div>\n\t\t\t\t<\/div>\n\t\t\t\t<div class=\"elementor-element elementor-element-20ca909 elementor-widget elementor-widget-heading\" data-id=\"20ca909\" data-element_type=\"widget\" data-widget_type=\"heading.default\">\n\t\t\t\t<div class=\"elementor-widget-container\">\n\t\t\t<h2 class=\"elementor-heading-title elementor-size-default\">L\u2019essor de l\u2019entreprise de nettoyage<\/h2>\t\t<\/div>\n\t\t\t\t<\/div>\n\t\t\t\t<div class=\"elementor-element elementor-element-5fb8ff5 elementor-invisible elementor-widget elementor-widget-text-editor\" data-id=\"5fb8ff5\" data-element_type=\"widget\" data-settings=\"{&quot;_animation&quot;:&quot;fadeInUp&quot;}\" data-widget_type=\"text-editor.default\">\n\t\t\t\t<div class=\"elementor-widget-container\">\n\t\t\t\t\t\t\t<p>Gr\u00e2ce \u00e0 son succ\u00e8s, Max Clean Evolution s&rsquo;est rapidement affirm\u00e9e comme une r\u00e9f\u00e9rence r\u00e9gionale incontournable dans le domaine de la propret\u00e9 des immeubles d&rsquo;habitations collectives. Au fil de son d\u00e9veloppement, l&rsquo;entreprise a diversifi\u00e9 ses activit\u00e9s tout en pr\u00e9servant son c\u0153ur de m\u00e9tier. Elle propose d\u00e9sormais une gamme de services \u00e9largie, incluant l&rsquo;accueil, l&rsquo;entretien des espaces verts, la gestion des d\u00e9chets, le retrait d&rsquo;encombrants, des services multiservices, le changement d&rsquo;ampoules, le nettoyage post-mortem, ainsi que le nettoyage des logements d&rsquo;occupants souffrant du syndrome de Diog\u00e8ne. Cette diversification a permis \u00e0 Max Clean Evolution de renforcer sa croissance interne tout en fid\u00e9lisant sa client\u00e8le.<\/p>\t\t\t\t\t\t<\/div>\n\t\t\t\t<\/div>\n\t\t\t\t<\/div>\n\t\t<div class=\"elementor-element elementor-element-b9f8f7b e-con-full e-flex e-con e-child\" data-id=\"b9f8f7b\" data-element_type=\"container\">\n\t\t\t\t<div class=\"elementor-element elementor-element-c9f9994 elementor-widget__width-inherit elementor-invisible elementor-widget elementor-widget-image\" data-id=\"c9f9994\" data-element_type=\"widget\" data-settings=\"{&quot;_animation&quot;:&quot;fadeIn&quot;}\" data-widget_type=\"image.default\">\n\t\t\t\t<div class=\"elementor-widget-container\">\n\t\t\t\t\t\t\t\t\t\t\t\t\t<img decoding=\"async\" width=\"420\" height=\"594\" src=\"https:\/\/max-clean-evolution.fr\/wp-content\/uploads\/2024\/08\/Youssef__1_-removebg-preview.png\" class=\"attachment-large size-large wp-image-267\" alt=\"\" srcset=\"https:\/\/max-clean-evolution.fr\/wp-content\/uploads\/2024\/08\/Youssef__1_-removebg-preview.png 420w, https:\/\/max-clean-evolution.fr\/wp-content\/uploads\/2024\/08\/Youssef__1_-removebg-preview-212x300.png 212w\" sizes=\"(max-width: 420px) 100vw, 420px\" \/>\t\t\t\t\t\t\t\t\t\t\t\t\t<\/div>\n\t\t\t\t<\/div>\n\t\t\t\t<\/div>\n\t\t\t\t<\/div>\n\t\t\t\t<\/div>\n\t\t<div class=\"elementor-element elementor-element-bee91c9 e-con-full e-flex e-con e-parent\" data-id=\"bee91c9\" data-element_type=\"container\" data-settings=\"{&quot;background_background&quot;:&quot;classic&quot;}\">\n\t\t<div class=\"elementor-element elementor-element-14d5462 e-con-full e-flex e-con e-child\" data-id=\"14d5462\" data-element_type=\"container\" data-settings=\"{&quot;background_background&quot;:&quot;slideshow&quot;,&quot;background_slideshow_gallery&quot;:[{&quot;id&quot;:208,&quot;url&quot;:&quot;http:\\\/\\\/max-clean-evolution.fr\\\/wp-content\\\/uploads\\\/2024\\\/07\\\/decor.png&quot;}],&quot;background_slideshow_loop&quot;:&quot;yes&quot;,&quot;background_slideshow_slide_duration&quot;:5000,&quot;background_slideshow_slide_transition&quot;:&quot;fade&quot;,&quot;background_slideshow_transition_duration&quot;:500}\">\n\t\t<div class=\"elementor-element elementor-element-1c0e776 e-flex e-con-boxed e-con e-child\" data-id=\"1c0e776\" data-element_type=\"container\">\n\t\t\t\t\t<div class=\"e-con-inner\">\n\t\t<div class=\"elementor-element elementor-element-42a2ae9 e-con-full e-flex e-con e-child\" data-id=\"42a2ae9\" data-element_type=\"container\">\n\t\t\t\t<div class=\"elementor-element elementor-element-98be6f8 elementor-widget elementor-widget-heading\" data-id=\"98be6f8\" data-element_type=\"widget\" data-widget_type=\"heading.default\">\n\t\t\t\t<div class=\"elementor-widget-container\">\n\t\t\t<h2 class=\"elementor-heading-title elementor-size-default\">Etes vous pr\u00eat \u00e0 travailler avec nous ?<\/h2>\t\t<\/div>\n\t\t\t\t<\/div>\n\t\t\t\t<div class=\"elementor-element elementor-element-6fab6f6 elementor-widget elementor-widget-text-editor\" data-id=\"6fab6f6\" data-element_type=\"widget\" data-widget_type=\"text-editor.default\">\n\t\t\t\t<div class=\"elementor-widget-container\">\n\t\t\t\t\t\t\t<p><span style=\"text-align: center; background-color: #fbfbfb;\">Des professionnels du nettoyage \u00e0 votre service. Demandez votre devis gratuit d\u00e8s maintenant !<\/span><\/p>\t\t\t\t\t\t<\/div>\n\t\t\t\t<\/div>\n\t\t\t\t<div class=\"elementor-element elementor-element-4dc7517 elementor-widget elementor-widget-button\" data-id=\"4dc7517\" data-element_type=\"widget\" data-widget_type=\"button.default\">\n\t\t\t\t<div class=\"elementor-widget-container\">\n\t\t\t\t\t<div class=\"elementor-button-wrapper\">\n\t\t\t<a class=\"elementor-button elementor-button-link elementor-size-sm\" href=\"https:\/\/max-clean-evolution.fr\/index.php\/contact\/\">\n\t\t\t\t\t\t<span class=\"elementor-button-content-wrapper\">\n\t\t\t\t\t\t\t\t\t<span class=\"elementor-button-text\">Cliquez ici<\/span>\n\t\t\t\t\t<\/span>\n\t\t\t\t\t<\/a>\n\t\t<\/div>\n\t\t\t\t<\/div>\n\t\t\t\t<\/div>\n\t\t\t\t<\/div>\n\t\t\t\t\t<\/div>\n\t\t\t\t<\/div>\n\t\t\t\t<\/div>\n\t\t\t\t<\/div>\n\t\t\t\t<\/div>\n\t\t","protected":false},"excerpt":{"rendered":"<p>L&rsquo;histoire de Max Clean Evolution Max Clean Evolution s\u2019est impos\u00e9e comme une r\u00e9f\u00e9rence incontournable dans le secteur de la propret\u00e9, port\u00e9e par les valeurs de Youssef SALHI. Fond\u00e9e en 2024, cette entreprise est n\u00e9e de la vision et de la d\u00e9termination de son fondateur, passionn\u00e9 par le nettoyage et l\u2019entretien. D\u00e8s ses d\u00e9buts en tant [&hellip;]<\/p>\n","protected":false},"author":1,"featured_media":0,"parent":0,"menu_order":0,"comment_status":"closed","ping_status":"closed","template":"","meta":{"_acf_changed":false,"footnotes":""},"class_list":["post-22","page","type-page","status-publish","hentry"],"acf":[],"_links":{"self":[{"href":"https:\/\/max-clean-evolution.fr\/index.php\/wp-json\/wp\/v2\/pages\/22","targetHints":{"allow":["GET"]}}],"collection":[{"href":"https:\/\/max-clean-evolution.fr\/index.php\/wp-json\/wp\/v2\/pages"}],"about":[{"href":"https:\/\/max-clean-evolution.fr\/index.php\/wp-json\/wp\/v2\/types\/page"}],"author":[{"embeddable":true,"href":"https:\/\/max-clean-evolution.fr\/index.php\/wp-json\/wp\/v2\/users\/1"}],"replies":[{"embeddable":true,"href":"https:\/\/max-clean-evolution.fr\/index.php\/wp-json\/wp\/v2\/comments?post=22"}],"version-history":[{"count":41,"href":"https:\/\/max-clean-evolution.fr\/index.php\/wp-json\/wp\/v2\/pages\/22\/revisions"}],"predecessor-version":[{"id":638,"href":"https:\/\/max-clean-evolution.fr\/index.php\/wp-json\/wp\/v2\/pages\/22\/revisions\/638"}],"wp:attachment":[{"href":"https:\/\/max-clean-evolution.fr\/index.php\/wp-json\/wp\/v2\/media?parent=22"}],"curies":[{"name":"wp","href":"https:\/\/api.w.org\/{rel}","templated":true}]}}