{"id":419,"date":"2024-10-10T15:53:21","date_gmt":"2024-10-10T13:53:21","guid":{"rendered":"https:\/\/max-clean-evolution.fr\/?page_id=419"},"modified":"2024-10-13T15:34:38","modified_gmt":"2024-10-13T13:34:38","slug":"nettoyage-de-la-vitrerie","status":"publish","type":"page","link":"https:\/\/max-clean-evolution.fr\/index.php\/services\/nettoyage-de-la-vitrerie\/","title":{"rendered":"Nettoyage de la vitrerie\u00a0"},"content":{"rendered":"\t\t<div data-elementor-type=\"wp-page\" data-elementor-id=\"419\" class=\"elementor elementor-419\" data-elementor-post-type=\"page\">\n\t\t\t\t<div class=\"elementor-element elementor-element-572c4821 e-flex e-con-boxed e-con e-parent\" data-id=\"572c4821\" data-element_type=\"container\">\n\t\t\t\t\t<div class=\"e-con-inner\">\n\t\t<div class=\"elementor-element elementor-element-e4a5055 e-con-full e-flex e-con e-child\" data-id=\"e4a5055\" data-element_type=\"container\" data-settings=\"{&quot;background_background&quot;:&quot;gradient&quot;}\">\n\t\t<div class=\"elementor-element elementor-element-f129066 e-con-full e-flex e-con e-child\" data-id=\"f129066\" data-element_type=\"container\">\n\t\t\t\t<div class=\"elementor-element elementor-element-2e0f9a7 elementor-widget elementor-widget-heading\" data-id=\"2e0f9a7\" data-element_type=\"widget\" data-widget_type=\"heading.default\">\n\t\t\t\t<div class=\"elementor-widget-container\">\n\t\t\t<style>\/*! elementor - v3.22.0 - 26-06-2024 *\/\n.elementor-heading-title{padding:0;margin:0;line-height:1}.elementor-widget-heading .elementor-heading-title[class*=elementor-size-]>a{color:inherit;font-size:inherit;line-height:inherit}.elementor-widget-heading .elementor-heading-title.elementor-size-small{font-size:15px}.elementor-widget-heading .elementor-heading-title.elementor-size-medium{font-size:19px}.elementor-widget-heading .elementor-heading-title.elementor-size-large{font-size:29px}.elementor-widget-heading .elementor-heading-title.elementor-size-xl{font-size:39px}.elementor-widget-heading .elementor-heading-title.elementor-size-xxl{font-size:59px}<\/style><h1 class=\"elementor-heading-title elementor-size-default\">Nettoyage de la vitrerie\u00a0<\/h1>\t\t<\/div>\n\t\t\t\t<\/div>\n\t\t\t\t<div class=\"elementor-element elementor-element-7192875 elementor-invisible elementor-widget elementor-widget-text-editor\" data-id=\"7192875\" data-element_type=\"widget\" data-settings=\"{&quot;_animation&quot;:&quot;fadeInUp&quot;}\" data-widget_type=\"text-editor.default\">\n\t\t\t\t<div class=\"elementor-widget-container\">\n\t\t\t<style>\/*! elementor - v3.22.0 - 26-06-2024 *\/\n.elementor-widget-text-editor.elementor-drop-cap-view-stacked .elementor-drop-cap{background-color:#69727d;color:#fff}.elementor-widget-text-editor.elementor-drop-cap-view-framed .elementor-drop-cap{color:#69727d;border:3px solid;background-color:transparent}.elementor-widget-text-editor:not(.elementor-drop-cap-view-default) .elementor-drop-cap{margin-top:8px}.elementor-widget-text-editor:not(.elementor-drop-cap-view-default) .elementor-drop-cap-letter{width:1em;height:1em}.elementor-widget-text-editor .elementor-drop-cap{float:left;text-align:center;line-height:1;font-size:50px}.elementor-widget-text-editor .elementor-drop-cap-letter{display:inline-block}<\/style>\t\t\t\t<ul><li><p>Nettoyage de la vitrerie accessible (Vitres internes\/ externes, miroirs, portes vitr\u00e9es, baies vitr\u00e9es)<\/p><\/li><li><p>Nettoyage de la vitrerie ext\u00e9rieures haute accessible \u00e0 l\u2019aide d\u2019une perche t\u00e9lescopique<\/p><\/li><\/ul>\t\t\t\t\t\t<\/div>\n\t\t\t\t<\/div>\n\t\t\t\t<\/div>\n\t\t<div class=\"elementor-element elementor-element-f68a7b5 e-con-full e-flex e-con e-child\" data-id=\"f68a7b5\" data-element_type=\"container\">\n\t\t\t\t<div class=\"elementor-element elementor-element-814d220 elementor-widget__width-initial elementor-invisible elementor-widget elementor-widget-image\" data-id=\"814d220\" data-element_type=\"widget\" data-settings=\"{&quot;_animation&quot;:&quot;fadeInDown&quot;,&quot;_animation_tablet&quot;:&quot;fadeInLeft&quot;}\" data-widget_type=\"image.default\">\n\t\t\t\t<div class=\"elementor-widget-container\">\n\t\t\t<style>\/*! elementor - v3.22.0 - 26-06-2024 *\/\n.elementor-widget-image{text-align:center}.elementor-widget-image a{display:inline-block}.elementor-widget-image a img[src$=\".svg\"]{width:48px}.elementor-widget-image img{vertical-align:middle;display:inline-block}<\/style>\t\t\t\t\t\t\t\t\t\t<img fetchpriority=\"high\" decoding=\"async\" width=\"800\" height=\"533\" src=\"https:\/\/max-clean-evolution.fr\/wp-content\/uploads\/2024\/10\/pexels-mastercowley-713297-1-1024x682.jpg\" class=\"attachment-large size-large wp-image-529\" alt=\"\" srcset=\"https:\/\/max-clean-evolution.fr\/wp-content\/uploads\/2024\/10\/pexels-mastercowley-713297-1-1024x682.jpg 1024w, https:\/\/max-clean-evolution.fr\/wp-content\/uploads\/2024\/10\/pexels-mastercowley-713297-1-300x200.jpg 300w, https:\/\/max-clean-evolution.fr\/wp-content\/uploads\/2024\/10\/pexels-mastercowley-713297-1-768x512.jpg 768w, https:\/\/max-clean-evolution.fr\/wp-content\/uploads\/2024\/10\/pexels-mastercowley-713297-1.jpg 1280w\" sizes=\"(max-width: 800px) 100vw, 800px\" \/>\t\t\t\t\t\t\t\t\t\t\t\t\t<\/div>\n\t\t\t\t<\/div>\n\t\t\t\t<\/div>\n\t\t\t\t<\/div>\n\t\t\t\t\t<\/div>\n\t\t\t\t<\/div>\n\t\t<div class=\"elementor-element elementor-element-483e61e e-con-full e-flex e-con e-parent\" data-id=\"483e61e\" data-element_type=\"container\" data-settings=\"{&quot;background_background&quot;:&quot;classic&quot;}\">\n\t\t<div class=\"elementor-element elementor-element-e1e7d31 e-con-full e-flex e-con e-child\" data-id=\"e1e7d31\" data-element_type=\"container\" data-settings=\"{&quot;background_background&quot;:&quot;slideshow&quot;,&quot;background_slideshow_gallery&quot;:[{&quot;id&quot;:208,&quot;url&quot;:&quot;http:\\\/\\\/max-clean-evolution.fr\\\/wp-content\\\/uploads\\\/2024\\\/07\\\/decor.png&quot;}],&quot;background_slideshow_loop&quot;:&quot;yes&quot;,&quot;background_slideshow_slide_duration&quot;:5000,&quot;background_slideshow_slide_transition&quot;:&quot;fade&quot;,&quot;background_slideshow_transition_duration&quot;:500}\">\n\t\t<div class=\"elementor-element elementor-element-7cfcb7a e-flex e-con-boxed e-con e-child\" data-id=\"7cfcb7a\" data-element_type=\"container\">\n\t\t\t\t\t<div class=\"e-con-inner\">\n\t\t<div class=\"elementor-element elementor-element-2c14c56 e-con-full e-flex e-con e-child\" data-id=\"2c14c56\" data-element_type=\"container\">\n\t\t\t\t<div class=\"elementor-element elementor-element-d596110 elementor-widget elementor-widget-heading\" data-id=\"d596110\" data-element_type=\"widget\" data-widget_type=\"heading.default\">\n\t\t\t\t<div class=\"elementor-widget-container\">\n\t\t\t<h2 class=\"elementor-heading-title elementor-size-default\">Etes vous pr\u00eat \u00e0 travailler avec nous ?<\/h2>\t\t<\/div>\n\t\t\t\t<\/div>\n\t\t\t\t<div class=\"elementor-element elementor-element-44cfa97 elementor-widget elementor-widget-text-editor\" data-id=\"44cfa97\" data-element_type=\"widget\" data-widget_type=\"text-editor.default\">\n\t\t\t\t<div class=\"elementor-widget-container\">\n\t\t\t\t\t\t\t<p><span style=\"text-align: center; background-color: #fbfbfb;\">Des professionnels du nettoyage \u00e0 votre service. Demandez votre devis gratuit d\u00e8s maintenant !<\/span><\/p>\t\t\t\t\t\t<\/div>\n\t\t\t\t<\/div>\n\t\t\t\t<div class=\"elementor-element elementor-element-f8617cd elementor-widget elementor-widget-button\" data-id=\"f8617cd\" data-element_type=\"widget\" data-widget_type=\"button.default\">\n\t\t\t\t<div class=\"elementor-widget-container\">\n\t\t\t\t\t<div class=\"elementor-button-wrapper\">\n\t\t\t<a class=\"elementor-button elementor-button-link elementor-size-sm\" href=\"https:\/\/max-clean-evolution.fr\/index.php\/contact\/\">\n\t\t\t\t\t\t<span class=\"elementor-button-content-wrapper\">\n\t\t\t\t\t\t\t\t\t<span class=\"elementor-button-text\">Cliquez ici<\/span>\n\t\t\t\t\t<\/span>\n\t\t\t\t\t<\/a>\n\t\t<\/div>\n\t\t\t\t<\/div>\n\t\t\t\t<\/div>\n\t\t\t\t<\/div>\n\t\t\t\t\t<\/div>\n\t\t\t\t<\/div>\n\t\t\t\t<\/div>\n\t\t\t\t<\/div>\n\t\t\t\t<\/div>\n\t\t","protected":false},"excerpt":{"rendered":"<p>Nettoyage de la vitrerie accessible (Vitres internes\/ externes, miroirs, portes vitr\u00e9es, baies vitr\u00e9es) Nettoyage de la vitrerie ext\u00e9rieures haute accessible \u00e0 l\u2019aide d\u2019une perche t\u00e9lescopique Etes vous pr\u00eat \u00e0 travailler avec nous ? Des professionnels du nettoyage \u00e0 votre service. Demandez votre devis gratuit d\u00e8s maintenant ! Cliquez ici<\/p>\n","protected":false},"author":1,"featured_media":0,"parent":26,"menu_order":0,"comment_status":"closed","ping_status":"closed","template":"","meta":{"_acf_changed":false,"footnotes":""},"class_list":["post-419","page","type-page","status-publish","hentry"],"acf":[],"_links":{"self":[{"href":"https:\/\/max-clean-evolution.fr\/index.php\/wp-json\/wp\/v2\/pages\/419","targetHints":{"allow":["GET"]}}],"collection":[{"href":"https:\/\/max-clean-evolution.fr\/index.php\/wp-json\/wp\/v2\/pages"}],"about":[{"href":"https:\/\/max-clean-evolution.fr\/index.php\/wp-json\/wp\/v2\/types\/page"}],"author":[{"embeddable":true,"href":"https:\/\/max-clean-evolution.fr\/index.php\/wp-json\/wp\/v2\/users\/1"}],"replies":[{"embeddable":true,"href":"https:\/\/max-clean-evolution.fr\/index.php\/wp-json\/wp\/v2\/comments?post=419"}],"version-history":[{"count":7,"href":"https:\/\/max-clean-evolution.fr\/index.php\/wp-json\/wp\/v2\/pages\/419\/revisions"}],"predecessor-version":[{"id":532,"href":"https:\/\/max-clean-evolution.fr\/index.php\/wp-json\/wp\/v2\/pages\/419\/revisions\/532"}],"up":[{"embeddable":true,"href":"https:\/\/max-clean-evolution.fr\/index.php\/wp-json\/wp\/v2\/pages\/26"}],"wp:attachment":[{"href":"https:\/\/max-clean-evolution.fr\/index.php\/wp-json\/wp\/v2\/media?parent=419"}],"curies":[{"name":"wp","href":"https:\/\/api.w.org\/{rel}","templated":true}]}}