{"id":426,"date":"2024-10-11T14:09:23","date_gmt":"2024-10-11T12:09:23","guid":{"rendered":"https:\/\/max-clean-evolution.fr\/index.php\/services\/nettoyage-de-la-vitrerie-copy\/"},"modified":"2024-10-17T12:42:17","modified_gmt":"2024-10-17T10:42:17","slug":"nettoyage-post-mortem","status":"publish","type":"page","link":"https:\/\/max-clean-evolution.fr\/index.php\/services\/nettoyage-post-mortem\/","title":{"rendered":"Nettoyage Post-Mortem"},"content":{"rendered":"\t\t<div data-elementor-type=\"wp-page\" data-elementor-id=\"426\" class=\"elementor elementor-426\" data-elementor-post-type=\"page\">\n\t\t\t\t<div class=\"elementor-element elementor-element-572c4821 e-flex e-con-boxed e-con e-parent\" data-id=\"572c4821\" data-element_type=\"container\">\n\t\t\t\t\t<div class=\"e-con-inner\">\n\t\t<div class=\"elementor-element elementor-element-73fc200 e-con-full e-flex e-con e-child\" data-id=\"73fc200\" data-element_type=\"container\">\n\t\t<div class=\"elementor-element elementor-element-0aaa1bc e-con-full e-flex e-con e-child\" data-id=\"0aaa1bc\" data-element_type=\"container\" data-settings=\"{&quot;background_background&quot;:&quot;gradient&quot;}\">\n\t\t<div class=\"elementor-element elementor-element-222028b e-con-full e-flex e-con e-child\" data-id=\"222028b\" data-element_type=\"container\">\n\t\t\t\t<div class=\"elementor-element elementor-element-7cb4b8a elementor-widget elementor-widget-heading\" data-id=\"7cb4b8a\" data-element_type=\"widget\" data-widget_type=\"heading.default\">\n\t\t\t\t<div class=\"elementor-widget-container\">\n\t\t\t<style>\/*! elementor - v3.22.0 - 26-06-2024 *\/\n.elementor-heading-title{padding:0;margin:0;line-height:1}.elementor-widget-heading .elementor-heading-title[class*=elementor-size-]>a{color:inherit;font-size:inherit;line-height:inherit}.elementor-widget-heading .elementor-heading-title.elementor-size-small{font-size:15px}.elementor-widget-heading .elementor-heading-title.elementor-size-medium{font-size:19px}.elementor-widget-heading .elementor-heading-title.elementor-size-large{font-size:29px}.elementor-widget-heading .elementor-heading-title.elementor-size-xl{font-size:39px}.elementor-widget-heading .elementor-heading-title.elementor-size-xxl{font-size:59px}<\/style><h1 class=\"elementor-heading-title elementor-size-default\">Nettoyage Post-Mortem<\/h1>\t\t<\/div>\n\t\t\t\t<\/div>\n\t\t\t\t<div class=\"elementor-element elementor-element-b1a84bc elementor-invisible elementor-widget elementor-widget-text-editor\" data-id=\"b1a84bc\" data-element_type=\"widget\" data-settings=\"{&quot;_animation&quot;:&quot;fadeInUp&quot;}\" data-widget_type=\"text-editor.default\">\n\t\t\t\t<div class=\"elementor-widget-container\">\n\t\t\t<style>\/*! elementor - v3.22.0 - 26-06-2024 *\/\n.elementor-widget-text-editor.elementor-drop-cap-view-stacked .elementor-drop-cap{background-color:#69727d;color:#fff}.elementor-widget-text-editor.elementor-drop-cap-view-framed .elementor-drop-cap{color:#69727d;border:3px solid;background-color:transparent}.elementor-widget-text-editor:not(.elementor-drop-cap-view-default) .elementor-drop-cap{margin-top:8px}.elementor-widget-text-editor:not(.elementor-drop-cap-view-default) .elementor-drop-cap-letter{width:1em;height:1em}.elementor-widget-text-editor .elementor-drop-cap{float:left;text-align:center;line-height:1;font-size:50px}.elementor-widget-text-editor .elementor-drop-cap-letter{display:inline-block}<\/style>\t\t\t\t<p>Chez <strong>Max Clean Evolution<\/strong>, nous offrons un service de nettoyage post-mortem sp\u00e9cialis\u00e9, con\u00e7u pour \u00e9liminer les toxines et r\u00e9tablir un environnement sain apr\u00e8s un d\u00e9c\u00e8s. Notre approche repose sur un nettoyage m\u00e9ticuleux et respectueux des lieux, tout en garantissant la s\u00e9curit\u00e9 et le bien-\u00eatre des occupants.<\/p>\t\t\t\t\t\t<\/div>\n\t\t\t\t<\/div>\n\t\t\t\t<\/div>\n\t\t<div class=\"elementor-element elementor-element-f9d928c e-con-full e-flex e-con e-child\" data-id=\"f9d928c\" data-element_type=\"container\">\n\t\t\t\t<div class=\"elementor-element elementor-element-666be07 elementor-widget__width-initial elementor-invisible elementor-widget elementor-widget-image\" data-id=\"666be07\" data-element_type=\"widget\" data-settings=\"{&quot;_animation&quot;:&quot;fadeInDown&quot;,&quot;_animation_tablet&quot;:&quot;fadeInLeft&quot;}\" data-widget_type=\"image.default\">\n\t\t\t\t<div class=\"elementor-widget-container\">\n\t\t\t<style>\/*! elementor - v3.22.0 - 26-06-2024 *\/\n.elementor-widget-image{text-align:center}.elementor-widget-image a{display:inline-block}.elementor-widget-image a img[src$=\".svg\"]{width:48px}.elementor-widget-image img{vertical-align:middle;display:inline-block}<\/style>\t\t\t\t\t\t\t\t\t\t<img fetchpriority=\"high\" decoding=\"async\" width=\"800\" height=\"800\" src=\"https:\/\/max-clean-evolution.fr\/wp-content\/uploads\/2024\/10\/5fde05bc-68ff-4250-a0ce-45aff8acf2f5.webp\" class=\"attachment-large size-large wp-image-641\" alt=\"\" srcset=\"https:\/\/max-clean-evolution.fr\/wp-content\/uploads\/2024\/10\/5fde05bc-68ff-4250-a0ce-45aff8acf2f5.webp 1024w, https:\/\/max-clean-evolution.fr\/wp-content\/uploads\/2024\/10\/5fde05bc-68ff-4250-a0ce-45aff8acf2f5-300x300.webp 300w, https:\/\/max-clean-evolution.fr\/wp-content\/uploads\/2024\/10\/5fde05bc-68ff-4250-a0ce-45aff8acf2f5-150x150.webp 150w, https:\/\/max-clean-evolution.fr\/wp-content\/uploads\/2024\/10\/5fde05bc-68ff-4250-a0ce-45aff8acf2f5-768x768.webp 768w\" sizes=\"(max-width: 800px) 100vw, 800px\" \/>\t\t\t\t\t\t\t\t\t\t\t\t\t<\/div>\n\t\t\t\t<\/div>\n\t\t\t\t<\/div>\n\t\t\t\t<\/div>\n\t\t\t\t<\/div>\n\t\t<div class=\"elementor-element elementor-element-7b387cfa e-con-full e-flex e-con e-child\" data-id=\"7b387cfa\" data-element_type=\"container\">\n\t\t\t\t<div class=\"elementor-element elementor-element-410c396 elementor-widget elementor-widget-heading\" data-id=\"410c396\" data-element_type=\"widget\" data-widget_type=\"heading.default\">\n\t\t\t\t<div class=\"elementor-widget-container\">\n\t\t\t<h2 class=\"elementor-heading-title elementor-size-default\">D\u00e9sinfection des Pathog\u00e8nes et Bact\u00e9ries<\/h2>\t\t<\/div>\n\t\t\t\t<\/div>\n\t\t\t\t<div class=\"elementor-element elementor-element-8afe762 elementor-invisible elementor-widget elementor-widget-text-editor\" data-id=\"8afe762\" data-element_type=\"widget\" data-settings=\"{&quot;_animation&quot;:&quot;fadeInUp&quot;}\" data-widget_type=\"text-editor.default\">\n\t\t\t\t<div class=\"elementor-widget-container\">\n\t\t\t\t\t\t\t<p>L\u2019\u00e9quipe de <strong>Max Clean Evolution<\/strong> d\u00e9sinfecte rigoureusement les surfaces contamin\u00e9es par des agents pathog\u00e8nes et des bact\u00e9ries, comme les staphylocoques, qui peuvent \u00eatre pr\u00e9sents dans les fluides corporels. Cette intervention pr\u00e9vient la propagation des maladies respiratoires et neutralise les odeurs d\u00e9sagr\u00e9ables.<\/p>\t\t\t\t\t\t<\/div>\n\t\t\t\t<\/div>\n\t\t\t\t<div class=\"elementor-element elementor-element-73251cb elementor-widget elementor-widget-heading\" data-id=\"73251cb\" data-element_type=\"widget\" data-widget_type=\"heading.default\">\n\t\t\t\t<div class=\"elementor-widget-container\">\n\t\t\t<h2 class=\"elementor-heading-title elementor-size-default\">Processus de Nettoyage et d\u2019Assainissement<\/h2>\t\t<\/div>\n\t\t\t\t<\/div>\n\t\t\t\t<div class=\"elementor-element elementor-element-0bf5050 elementor-invisible elementor-widget elementor-widget-text-editor\" data-id=\"0bf5050\" data-element_type=\"widget\" data-settings=\"{&quot;_animation&quot;:&quot;fadeInUp&quot;}\" data-widget_type=\"text-editor.default\">\n\t\t\t\t<div class=\"elementor-widget-container\">\n\t\t\t\t\t\t\t<p>Nous appliquons des techniques sp\u00e9cifiques pour assurer un nettoyage en profondeur des zones touch\u00e9es. Ce processus inclut la suppression des r\u00e9sidus biologiques, des fluides corporels et des tissus, afin de rendre l\u2019environnement enti\u00e8rement assaini.<\/p>\t\t\t\t\t\t<\/div>\n\t\t\t\t<\/div>\n\t\t\t\t<div class=\"elementor-element elementor-element-91fbf23 elementor-widget elementor-widget-heading\" data-id=\"91fbf23\" data-element_type=\"widget\" data-widget_type=\"heading.default\">\n\t\t\t\t<div class=\"elementor-widget-container\">\n\t\t\t<h2 class=\"elementor-heading-title elementor-size-default\">D\u00e9sodorisation et D\u00e9contamination<\/h2>\t\t<\/div>\n\t\t\t\t<\/div>\n\t\t\t\t<div class=\"elementor-element elementor-element-47a0cf0 elementor-invisible elementor-widget elementor-widget-text-editor\" data-id=\"47a0cf0\" data-element_type=\"widget\" data-settings=\"{&quot;_animation&quot;:&quot;fadeInUp&quot;}\" data-widget_type=\"text-editor.default\">\n\t\t\t\t<div class=\"elementor-widget-container\">\n\t\t\t\t\t\t\t<p>Notre service de d\u00e9sodorisation par n\u00e9bulisation atmosph\u00e9rique \u00e9limine efficacement les odeurs de d\u00e9composition. Cette m\u00e9thode innovante traite l\u2019air ambiant ainsi que les surfaces, garantissant un r\u00e9sultat optimal.<\/p>\t\t\t\t\t\t<\/div>\n\t\t\t\t<\/div>\n\t\t\t\t<div class=\"elementor-element elementor-element-d2838a9 elementor-widget elementor-widget-heading\" data-id=\"d2838a9\" data-element_type=\"widget\" data-widget_type=\"heading.default\">\n\t\t\t\t<div class=\"elementor-widget-container\">\n\t\t\t<h2 class=\"elementor-heading-title elementor-size-default\">Nettoyage et D\u00e9sinfection<\/h2>\t\t<\/div>\n\t\t\t\t<\/div>\n\t\t\t\t<div class=\"elementor-element elementor-element-f80e6a9 elementor-invisible elementor-widget elementor-widget-text-editor\" data-id=\"f80e6a9\" data-element_type=\"widget\" data-settings=\"{&quot;_animation&quot;:&quot;fadeInUp&quot;}\" data-widget_type=\"text-editor.default\">\n\t\t\t\t<div class=\"elementor-widget-container\">\n\t\t\t\t\t\t\t<p>Le d\u00e9veloppement micro bact\u00e9rien g\u00e9n\u00e8re un risque sanitaire \u00e9lev\u00e9, et lorsqu\u2019un d\u00e9c\u00e8s survient dans un logement, surtout en cas de d\u00e9composition avanc\u00e9e, la situation peut \u00eatre extr\u00eamement choquante pour les proches ou les propri\u00e9taires. Le nettoyage des lieux peut \u00eatre traumatisant pour ceux qui en sont responsables.\u00a0<strong>Max Clean Evolution<\/strong>\u00a0peut vous aider avec professionnalisme et humanit\u00e9, en intervenant de mani\u00e8re discr\u00e8te et rapide. Nous sommes \u00e9quip\u00e9s pour intervenir avec tact et efficacit\u00e9, en utilisant des traitements \u00e0 l\u2019ozone ou par n\u00e9bulisation pour d\u00e9sinfecter les lieux d\u00e8s la premi\u00e8re \u00e9tape.\u00a0<strong>Notre service est disponible 24h\/24<\/strong>.<\/p><p>Faites confiance \u00e0\u00a0<strong>Max Clean Evolution<\/strong>\u00a0pour un service de nettoyage post-mortem discret, respectueux et conforme aux normes de sant\u00e9 publique. Pour en savoir plus ou obtenir un devis personnalis\u00e9, contactez-nous d\u00e8s aujourd&rsquo;hui.<\/p>\t\t\t\t\t\t<\/div>\n\t\t\t\t<\/div>\n\t\t\t\t<\/div>\n\t\t\t\t\t<\/div>\n\t\t\t\t<\/div>\n\t\t<div class=\"elementor-element elementor-element-7c53061 e-con-full e-flex e-con e-parent\" data-id=\"7c53061\" data-element_type=\"container\" data-settings=\"{&quot;background_background&quot;:&quot;classic&quot;}\">\n\t\t<div class=\"elementor-element elementor-element-f512949 e-con-full e-flex e-con e-child\" data-id=\"f512949\" data-element_type=\"container\" data-settings=\"{&quot;background_background&quot;:&quot;slideshow&quot;,&quot;background_slideshow_gallery&quot;:[{&quot;id&quot;:208,&quot;url&quot;:&quot;http:\\\/\\\/max-clean-evolution.fr\\\/wp-content\\\/uploads\\\/2024\\\/07\\\/decor.png&quot;}],&quot;background_slideshow_loop&quot;:&quot;yes&quot;,&quot;background_slideshow_slide_duration&quot;:5000,&quot;background_slideshow_slide_transition&quot;:&quot;fade&quot;,&quot;background_slideshow_transition_duration&quot;:500}\">\n\t\t<div class=\"elementor-element elementor-element-2764552 e-flex e-con-boxed e-con e-child\" data-id=\"2764552\" data-element_type=\"container\">\n\t\t\t\t\t<div class=\"e-con-inner\">\n\t\t<div class=\"elementor-element elementor-element-027aa9a e-con-full e-flex e-con e-child\" data-id=\"027aa9a\" data-element_type=\"container\">\n\t\t\t\t<div class=\"elementor-element elementor-element-9a41ef7 elementor-widget elementor-widget-heading\" data-id=\"9a41ef7\" data-element_type=\"widget\" data-widget_type=\"heading.default\">\n\t\t\t\t<div class=\"elementor-widget-container\">\n\t\t\t<h2 class=\"elementor-heading-title elementor-size-default\">Etes vous pr\u00eat \u00e0 travailler avec nous ?<\/h2>\t\t<\/div>\n\t\t\t\t<\/div>\n\t\t\t\t<div class=\"elementor-element elementor-element-8309ce3 elementor-widget elementor-widget-text-editor\" data-id=\"8309ce3\" data-element_type=\"widget\" data-widget_type=\"text-editor.default\">\n\t\t\t\t<div class=\"elementor-widget-container\">\n\t\t\t\t\t\t\t<p><span style=\"text-align: center; background-color: #fbfbfb;\">Des professionnels du nettoyage \u00e0 votre service. Demandez votre devis gratuit d\u00e8s maintenant !<\/span><\/p>\t\t\t\t\t\t<\/div>\n\t\t\t\t<\/div>\n\t\t\t\t<div class=\"elementor-element elementor-element-4d9fe2a elementor-widget elementor-widget-button\" data-id=\"4d9fe2a\" data-element_type=\"widget\" data-widget_type=\"button.default\">\n\t\t\t\t<div class=\"elementor-widget-container\">\n\t\t\t\t\t<div class=\"elementor-button-wrapper\">\n\t\t\t<a class=\"elementor-button elementor-button-link elementor-size-sm\" href=\"https:\/\/max-clean-evolution.fr\/index.php\/contact\/\">\n\t\t\t\t\t\t<span class=\"elementor-button-content-wrapper\">\n\t\t\t\t\t\t\t\t\t<span class=\"elementor-button-text\">Cliquez ici<\/span>\n\t\t\t\t\t<\/span>\n\t\t\t\t\t<\/a>\n\t\t<\/div>\n\t\t\t\t<\/div>\n\t\t\t\t<\/div>\n\t\t\t\t<\/div>\n\t\t\t\t\t<\/div>\n\t\t\t\t<\/div>\n\t\t\t\t<\/div>\n\t\t\t\t<\/div>\n\t\t\t\t<\/div>\n\t\t","protected":false},"excerpt":{"rendered":"<p>Chez Max Clean Evolution, nous offrons un service de nettoyage post-mortem sp\u00e9cialis\u00e9, con\u00e7u pour \u00e9liminer les toxines et r\u00e9tablir un environnement sain apr\u00e8s un d\u00e9c\u00e8s. Notre approche repose sur un nettoyage m\u00e9ticuleux et respectueux des lieux, tout en garantissant la s\u00e9curit\u00e9 et le bien-\u00eatre des occupants. D\u00e9sinfection des Pathog\u00e8nes et Bact\u00e9ries L\u2019\u00e9quipe de Max Clean [&hellip;]<\/p>\n","protected":false},"author":1,"featured_media":0,"parent":26,"menu_order":0,"comment_status":"closed","ping_status":"closed","template":"","meta":{"_acf_changed":false,"footnotes":""},"class_list":["post-426","page","type-page","status-publish","hentry"],"acf":[],"_links":{"self":[{"href":"https:\/\/max-clean-evolution.fr\/index.php\/wp-json\/wp\/v2\/pages\/426","targetHints":{"allow":["GET"]}}],"collection":[{"href":"https:\/\/max-clean-evolution.fr\/index.php\/wp-json\/wp\/v2\/pages"}],"about":[{"href":"https:\/\/max-clean-evolution.fr\/index.php\/wp-json\/wp\/v2\/types\/page"}],"author":[{"embeddable":true,"href":"https:\/\/max-clean-evolution.fr\/index.php\/wp-json\/wp\/v2\/users\/1"}],"replies":[{"embeddable":true,"href":"https:\/\/max-clean-evolution.fr\/index.php\/wp-json\/wp\/v2\/comments?post=426"}],"version-history":[{"count":13,"href":"https:\/\/max-clean-evolution.fr\/index.php\/wp-json\/wp\/v2\/pages\/426\/revisions"}],"predecessor-version":[{"id":650,"href":"https:\/\/max-clean-evolution.fr\/index.php\/wp-json\/wp\/v2\/pages\/426\/revisions\/650"}],"up":[{"embeddable":true,"href":"https:\/\/max-clean-evolution.fr\/index.php\/wp-json\/wp\/v2\/pages\/26"}],"wp:attachment":[{"href":"https:\/\/max-clean-evolution.fr\/index.php\/wp-json\/wp\/v2\/media?parent=426"}],"curies":[{"name":"wp","href":"https:\/\/api.w.org\/{rel}","templated":true}]}}