{"id":460,"date":"2024-10-13T14:33:19","date_gmt":"2024-10-13T12:33:19","guid":{"rendered":"https:\/\/max-clean-evolution.fr\/index.php\/services\/nettoyage-de-la-vitrerie-copy\/"},"modified":"2024-10-13T16:34:27","modified_gmt":"2024-10-13T14:34:27","slug":"peinture","status":"publish","type":"page","link":"https:\/\/max-clean-evolution.fr\/index.php\/services\/peinture\/","title":{"rendered":"Peinture"},"content":{"rendered":"\t\t<div data-elementor-type=\"wp-page\" data-elementor-id=\"460\" class=\"elementor elementor-460\" data-elementor-post-type=\"page\">\n\t\t\t\t<div class=\"elementor-element elementor-element-572c4821 e-flex e-con-boxed e-con e-parent\" data-id=\"572c4821\" data-element_type=\"container\">\n\t\t\t\t\t<div class=\"e-con-inner\">\n\t\t<div class=\"elementor-element elementor-element-7464691 e-con-full e-flex e-con e-child\" data-id=\"7464691\" data-element_type=\"container\" data-settings=\"{&quot;background_background&quot;:&quot;gradient&quot;}\">\n\t\t<div class=\"elementor-element elementor-element-12a834e e-con-full e-flex e-con e-child\" data-id=\"12a834e\" data-element_type=\"container\">\n\t\t\t\t<div class=\"elementor-element elementor-element-d9abc77 elementor-widget elementor-widget-heading\" data-id=\"d9abc77\" data-element_type=\"widget\" data-widget_type=\"heading.default\">\n\t\t\t\t<div class=\"elementor-widget-container\">\n\t\t\t<style>\/*! elementor - v3.22.0 - 26-06-2024 *\/\n.elementor-heading-title{padding:0;margin:0;line-height:1}.elementor-widget-heading .elementor-heading-title[class*=elementor-size-]>a{color:inherit;font-size:inherit;line-height:inherit}.elementor-widget-heading .elementor-heading-title.elementor-size-small{font-size:15px}.elementor-widget-heading .elementor-heading-title.elementor-size-medium{font-size:19px}.elementor-widget-heading .elementor-heading-title.elementor-size-large{font-size:29px}.elementor-widget-heading .elementor-heading-title.elementor-size-xl{font-size:39px}.elementor-widget-heading .elementor-heading-title.elementor-size-xxl{font-size:59px}<\/style><h1 class=\"elementor-heading-title elementor-size-default\">Petites Prestations de Peinture pour Compl\u00e9ter le Nettoyage :\u200b<\/h1>\t\t<\/div>\n\t\t\t\t<\/div>\n\t\t\t\t<div class=\"elementor-element elementor-element-26b881d elementor-invisible elementor-widget elementor-widget-text-editor\" data-id=\"26b881d\" data-element_type=\"widget\" data-settings=\"{&quot;_animation&quot;:&quot;fadeInUp&quot;}\" data-widget_type=\"text-editor.default\">\n\t\t\t\t<div class=\"elementor-widget-container\">\n\t\t\t<style>\/*! elementor - v3.22.0 - 26-06-2024 *\/\n.elementor-widget-text-editor.elementor-drop-cap-view-stacked .elementor-drop-cap{background-color:#69727d;color:#fff}.elementor-widget-text-editor.elementor-drop-cap-view-framed .elementor-drop-cap{color:#69727d;border:3px solid;background-color:transparent}.elementor-widget-text-editor:not(.elementor-drop-cap-view-default) .elementor-drop-cap{margin-top:8px}.elementor-widget-text-editor:not(.elementor-drop-cap-view-default) .elementor-drop-cap-letter{width:1em;height:1em}.elementor-widget-text-editor .elementor-drop-cap{float:left;text-align:center;line-height:1;font-size:50px}.elementor-widget-text-editor .elementor-drop-cap-letter{display:inline-block}<\/style>\t\t\t\t<p>Chez Max Clean Evolution, nous comprenons que la propret\u00e9 va de pair avec l&rsquo;esth\u00e9tique. C&rsquo;est pourquoi nous proposons des petites prestations de peinture pour compl\u00e9ter nos services de nettoyage. Qu&rsquo;il s&rsquo;agisse de retouches apr\u00e8s des travaux, de rafra\u00eechir un mur ou de r\u00e9parer des surfaces ab\u00eem\u00e9es, nous intervenons avec pr\u00e9cision pour redonner \u00e0 vos espaces tout leur \u00e9clat. Faites confiance \u00e0 Max Clean Evolution pour un service complet qui allie propret\u00e9 et finition impeccable.<\/p>\t\t\t\t\t\t<\/div>\n\t\t\t\t<\/div>\n\t\t\t\t<\/div>\n\t\t<div class=\"elementor-element elementor-element-cad35e6 e-con-full e-flex e-con e-child\" data-id=\"cad35e6\" data-element_type=\"container\">\n\t\t\t\t<div class=\"elementor-element elementor-element-7d5b5f2 elementor-widget__width-initial elementor-invisible elementor-widget elementor-widget-image\" data-id=\"7d5b5f2\" data-element_type=\"widget\" data-settings=\"{&quot;_animation&quot;:&quot;fadeInDown&quot;,&quot;_animation_tablet&quot;:&quot;fadeInLeft&quot;}\" data-widget_type=\"image.default\">\n\t\t\t\t<div class=\"elementor-widget-container\">\n\t\t\t<style>\/*! elementor - v3.22.0 - 26-06-2024 *\/\n.elementor-widget-image{text-align:center}.elementor-widget-image a{display:inline-block}.elementor-widget-image a img[src$=\".svg\"]{width:48px}.elementor-widget-image img{vertical-align:middle;display:inline-block}<\/style>\t\t\t\t\t\t\t\t\t\t<img fetchpriority=\"high\" decoding=\"async\" width=\"640\" height=\"640\" src=\"https:\/\/max-clean-evolution.fr\/wp-content\/uploads\/2024\/10\/pexels-muffinsaurs-994164-1.jpg\" class=\"attachment-large size-large wp-image-591\" alt=\"\" srcset=\"https:\/\/max-clean-evolution.fr\/wp-content\/uploads\/2024\/10\/pexels-muffinsaurs-994164-1.jpg 640w, https:\/\/max-clean-evolution.fr\/wp-content\/uploads\/2024\/10\/pexels-muffinsaurs-994164-1-300x300.jpg 300w, https:\/\/max-clean-evolution.fr\/wp-content\/uploads\/2024\/10\/pexels-muffinsaurs-994164-1-150x150.jpg 150w\" sizes=\"(max-width: 640px) 100vw, 640px\" \/>\t\t\t\t\t\t\t\t\t\t\t\t\t<\/div>\n\t\t\t\t<\/div>\n\t\t\t\t<\/div>\n\t\t\t\t<\/div>\n\t\t\t\t\t<\/div>\n\t\t\t\t<\/div>\n\t\t<div class=\"elementor-element elementor-element-c7c906c e-con-full e-flex e-con e-parent\" data-id=\"c7c906c\" data-element_type=\"container\" data-settings=\"{&quot;background_background&quot;:&quot;classic&quot;}\">\n\t\t<div class=\"elementor-element elementor-element-7362109 e-con-full e-flex e-con e-child\" data-id=\"7362109\" data-element_type=\"container\" data-settings=\"{&quot;background_background&quot;:&quot;slideshow&quot;,&quot;background_slideshow_gallery&quot;:[{&quot;id&quot;:208,&quot;url&quot;:&quot;http:\\\/\\\/max-clean-evolution.fr\\\/wp-content\\\/uploads\\\/2024\\\/07\\\/decor.png&quot;}],&quot;background_slideshow_loop&quot;:&quot;yes&quot;,&quot;background_slideshow_slide_duration&quot;:5000,&quot;background_slideshow_slide_transition&quot;:&quot;fade&quot;,&quot;background_slideshow_transition_duration&quot;:500}\">\n\t\t<div class=\"elementor-element elementor-element-e87236b e-flex e-con-boxed e-con e-child\" data-id=\"e87236b\" data-element_type=\"container\">\n\t\t\t\t\t<div class=\"e-con-inner\">\n\t\t<div class=\"elementor-element elementor-element-6bcde3e e-con-full e-flex e-con e-child\" data-id=\"6bcde3e\" data-element_type=\"container\">\n\t\t\t\t<div class=\"elementor-element elementor-element-3f7ffd7 elementor-widget elementor-widget-heading\" data-id=\"3f7ffd7\" data-element_type=\"widget\" data-widget_type=\"heading.default\">\n\t\t\t\t<div class=\"elementor-widget-container\">\n\t\t\t<h2 class=\"elementor-heading-title elementor-size-default\">Etes vous pr\u00eat \u00e0 travailler avec nous ?<\/h2>\t\t<\/div>\n\t\t\t\t<\/div>\n\t\t\t\t<div class=\"elementor-element elementor-element-f183594 elementor-widget elementor-widget-text-editor\" data-id=\"f183594\" data-element_type=\"widget\" data-widget_type=\"text-editor.default\">\n\t\t\t\t<div class=\"elementor-widget-container\">\n\t\t\t\t\t\t\t<p><span style=\"text-align: center; background-color: #fbfbfb;\">Des professionnels du nettoyage \u00e0 votre service. Demandez votre devis gratuit d\u00e8s maintenant !<\/span><\/p>\t\t\t\t\t\t<\/div>\n\t\t\t\t<\/div>\n\t\t\t\t<div class=\"elementor-element elementor-element-eed1f04 elementor-widget elementor-widget-button\" data-id=\"eed1f04\" data-element_type=\"widget\" data-widget_type=\"button.default\">\n\t\t\t\t<div class=\"elementor-widget-container\">\n\t\t\t\t\t<div class=\"elementor-button-wrapper\">\n\t\t\t<a class=\"elementor-button elementor-button-link elementor-size-sm\" href=\"https:\/\/max-clean-evolution.fr\/index.php\/contact\/\">\n\t\t\t\t\t\t<span class=\"elementor-button-content-wrapper\">\n\t\t\t\t\t\t\t\t\t<span class=\"elementor-button-text\">Cliquez ici<\/span>\n\t\t\t\t\t<\/span>\n\t\t\t\t\t<\/a>\n\t\t<\/div>\n\t\t\t\t<\/div>\n\t\t\t\t<\/div>\n\t\t\t\t<\/div>\n\t\t\t\t\t<\/div>\n\t\t\t\t<\/div>\n\t\t\t\t<\/div>\n\t\t\t\t<\/div>\n\t\t\t\t<\/div>\n\t\t","protected":false},"excerpt":{"rendered":"<p>Petites Prestations de Peinture pour Compl\u00e9ter le Nettoyage :\u200b Chez Max Clean Evolution, nous comprenons que la propret\u00e9 va de pair avec l&rsquo;esth\u00e9tique. C&rsquo;est pourquoi nous proposons des petites prestations de peinture pour compl\u00e9ter nos services de nettoyage. Qu&rsquo;il s&rsquo;agisse de retouches apr\u00e8s des travaux, de rafra\u00eechir un mur ou de r\u00e9parer des surfaces ab\u00eem\u00e9es, [&hellip;]<\/p>\n","protected":false},"author":1,"featured_media":0,"parent":26,"menu_order":0,"comment_status":"closed","ping_status":"closed","template":"","meta":{"_acf_changed":false,"footnotes":""},"class_list":["post-460","page","type-page","status-publish","hentry"],"acf":[],"_links":{"self":[{"href":"https:\/\/max-clean-evolution.fr\/index.php\/wp-json\/wp\/v2\/pages\/460","targetHints":{"allow":["GET"]}}],"collection":[{"href":"https:\/\/max-clean-evolution.fr\/index.php\/wp-json\/wp\/v2\/pages"}],"about":[{"href":"https:\/\/max-clean-evolution.fr\/index.php\/wp-json\/wp\/v2\/types\/page"}],"author":[{"embeddable":true,"href":"https:\/\/max-clean-evolution.fr\/index.php\/wp-json\/wp\/v2\/users\/1"}],"replies":[{"embeddable":true,"href":"https:\/\/max-clean-evolution.fr\/index.php\/wp-json\/wp\/v2\/comments?post=460"}],"version-history":[{"count":10,"href":"https:\/\/max-clean-evolution.fr\/index.php\/wp-json\/wp\/v2\/pages\/460\/revisions"}],"predecessor-version":[{"id":617,"href":"https:\/\/max-clean-evolution.fr\/index.php\/wp-json\/wp\/v2\/pages\/460\/revisions\/617"}],"up":[{"embeddable":true,"href":"https:\/\/max-clean-evolution.fr\/index.php\/wp-json\/wp\/v2\/pages\/26"}],"wp:attachment":[{"href":"https:\/\/max-clean-evolution.fr\/index.php\/wp-json\/wp\/v2\/media?parent=460"}],"curies":[{"name":"wp","href":"https:\/\/api.w.org\/{rel}","templated":true}]}}