{"id":475,"date":"2024-10-13T14:41:58","date_gmt":"2024-10-13T12:41:58","guid":{"rendered":"https:\/\/max-clean-evolution.fr\/index.php\/services\/entretien-des-locaux-des-entreprises-copy\/"},"modified":"2024-10-13T16:06:44","modified_gmt":"2024-10-13T14:06:44","slug":"accueil-et-services-pour-bailleurs-sociaux","status":"publish","type":"page","link":"https:\/\/max-clean-evolution.fr\/index.php\/services\/accueil-et-services-pour-bailleurs-sociaux\/","title":{"rendered":"Accueil et Services pour Bailleurs Sociaux"},"content":{"rendered":"\t\t<div data-elementor-type=\"wp-page\" data-elementor-id=\"475\" class=\"elementor elementor-475\" data-elementor-post-type=\"page\">\n\t\t\t\t<div class=\"elementor-element elementor-element-3b425834 e-flex e-con-boxed e-con e-parent\" data-id=\"3b425834\" data-element_type=\"container\">\n\t\t\t\t\t<div class=\"e-con-inner\">\n\t\t<div class=\"elementor-element elementor-element-c9745a8 e-con-full e-flex e-con e-child\" data-id=\"c9745a8\" data-element_type=\"container\" data-settings=\"{&quot;background_background&quot;:&quot;gradient&quot;}\">\n\t\t<div class=\"elementor-element elementor-element-b350cf3 e-con-full e-flex e-con e-child\" data-id=\"b350cf3\" data-element_type=\"container\">\n\t\t\t\t<div class=\"elementor-element elementor-element-7d18ab0e elementor-widget elementor-widget-heading\" data-id=\"7d18ab0e\" data-element_type=\"widget\" data-widget_type=\"heading.default\">\n\t\t\t\t<div class=\"elementor-widget-container\">\n\t\t\t<style>\/*! elementor - v3.22.0 - 26-06-2024 *\/\n.elementor-heading-title{padding:0;margin:0;line-height:1}.elementor-widget-heading .elementor-heading-title[class*=elementor-size-]>a{color:inherit;font-size:inherit;line-height:inherit}.elementor-widget-heading .elementor-heading-title.elementor-size-small{font-size:15px}.elementor-widget-heading .elementor-heading-title.elementor-size-medium{font-size:19px}.elementor-widget-heading .elementor-heading-title.elementor-size-large{font-size:29px}.elementor-widget-heading .elementor-heading-title.elementor-size-xl{font-size:39px}.elementor-widget-heading .elementor-heading-title.elementor-size-xxl{font-size:59px}<\/style><h1 class=\"elementor-heading-title elementor-size-default\">Accueil et Services pour Bailleurs Sociaux<\/h1>\t\t<\/div>\n\t\t\t\t<\/div>\n\t\t\t\t<div class=\"elementor-element elementor-element-2f56ead elementor-invisible elementor-widget elementor-widget-text-editor\" data-id=\"2f56ead\" data-element_type=\"widget\" data-settings=\"{&quot;_animation&quot;:&quot;fadeInUp&quot;}\" data-widget_type=\"text-editor.default\">\n\t\t\t\t<div class=\"elementor-widget-container\">\n\t\t\t<style>\/*! elementor - v3.22.0 - 26-06-2024 *\/\n.elementor-widget-text-editor.elementor-drop-cap-view-stacked .elementor-drop-cap{background-color:#69727d;color:#fff}.elementor-widget-text-editor.elementor-drop-cap-view-framed .elementor-drop-cap{color:#69727d;border:3px solid;background-color:transparent}.elementor-widget-text-editor:not(.elementor-drop-cap-view-default) .elementor-drop-cap{margin-top:8px}.elementor-widget-text-editor:not(.elementor-drop-cap-view-default) .elementor-drop-cap-letter{width:1em;height:1em}.elementor-widget-text-editor .elementor-drop-cap{float:left;text-align:center;line-height:1;font-size:50px}.elementor-widget-text-editor .elementor-drop-cap-letter{display:inline-block}<\/style>\t\t\t\t<p>Chez Max Clean Evolution, nous comprenons l&rsquo;importance de maintenir des logements de qualit\u00e9 pour les bailleurs sociaux. Notre \u00e9quipe est d\u00e9di\u00e9e \u00e0 offrir des services adapt\u00e9s aux besoins sp\u00e9cifiques des bailleurs, garantissant des interventions professionnelles et efficaces.<\/p>\t\t\t\t\t\t<\/div>\n\t\t\t\t<\/div>\n\t\t\t\t<\/div>\n\t\t<div class=\"elementor-element elementor-element-033bcbb e-con-full e-flex e-con e-child\" data-id=\"033bcbb\" data-element_type=\"container\">\n\t\t\t\t<div class=\"elementor-element elementor-element-7e28139 elementor-widget__width-initial elementor-invisible elementor-widget elementor-widget-image\" data-id=\"7e28139\" data-element_type=\"widget\" data-settings=\"{&quot;_animation&quot;:&quot;fadeInDown&quot;,&quot;_animation_tablet&quot;:&quot;fadeInLeft&quot;}\" data-widget_type=\"image.default\">\n\t\t\t\t<div class=\"elementor-widget-container\">\n\t\t\t<style>\/*! elementor - v3.22.0 - 26-06-2024 *\/\n.elementor-widget-image{text-align:center}.elementor-widget-image a{display:inline-block}.elementor-widget-image a img[src$=\".svg\"]{width:48px}.elementor-widget-image img{vertical-align:middle;display:inline-block}<\/style>\t\t\t\t\t\t\t\t\t\t<img fetchpriority=\"high\" decoding=\"async\" width=\"640\" height=\"960\" src=\"https:\/\/max-clean-evolution.fr\/wp-content\/uploads\/2024\/10\/pexels-aibek-skakov-418917601-28376209.jpg\" class=\"attachment-large size-large wp-image-520\" alt=\"\" srcset=\"https:\/\/max-clean-evolution.fr\/wp-content\/uploads\/2024\/10\/pexels-aibek-skakov-418917601-28376209.jpg 640w, https:\/\/max-clean-evolution.fr\/wp-content\/uploads\/2024\/10\/pexels-aibek-skakov-418917601-28376209-200x300.jpg 200w\" sizes=\"(max-width: 640px) 100vw, 640px\" \/>\t\t\t\t\t\t\t\t\t\t\t\t\t<\/div>\n\t\t\t\t<\/div>\n\t\t\t\t<\/div>\n\t\t\t\t<\/div>\n\t\t<div class=\"elementor-element elementor-element-9ea1653 e-con-full e-flex e-con e-child\" data-id=\"9ea1653\" data-element_type=\"container\" data-settings=\"{&quot;background_background&quot;:&quot;gradient&quot;}\">\n\t\t<div class=\"elementor-element elementor-element-6454660 e-con-full e-flex e-con e-child\" data-id=\"6454660\" data-element_type=\"container\">\n\t\t\t\t<div class=\"elementor-element elementor-element-3c472fc6 elementor-widget elementor-widget-heading\" data-id=\"3c472fc6\" data-element_type=\"widget\" data-widget_type=\"heading.default\">\n\t\t\t\t<div class=\"elementor-widget-container\">\n\t\t\t<h2 class=\"elementor-heading-title elementor-size-default\">Une Solution Adapt\u00e9e<\/h2>\t\t<\/div>\n\t\t\t\t<\/div>\n\t\t\t\t<div class=\"elementor-element elementor-element-038d656 elementor-invisible elementor-widget elementor-widget-text-editor\" data-id=\"038d656\" data-element_type=\"widget\" data-settings=\"{&quot;_animation&quot;:&quot;fadeInUp&quot;}\" data-widget_type=\"text-editor.default\">\n\t\t\t\t<div class=\"elementor-widget-container\">\n\t\t\t\t\t\t\t<p>Afin de pallier les diverses absences (cong\u00e9s, arr\u00eat maladie, formation, d\u00e9part en retraite) de vos gardiens et\/ou employ\u00e9s d\u2019immeubles, Max Clean Evolution propose la mise en place d\u2019agents form\u00e9s et qualifi\u00e9s, vous permettant un remplacement imm\u00e9diat. Nos agents d\u2019accueil travaillent selon la m\u00e9thodologie d\u2019un gardien d\u2019immeuble pour garantir une qualit\u00e9 de prestation soign\u00e9e.<\/p>\t\t\t\t\t\t<\/div>\n\t\t\t\t<\/div>\n\t\t\t\t<\/div>\n\t\t<div class=\"elementor-element elementor-element-a612d52 e-con-full e-flex e-con e-child\" data-id=\"a612d52\" data-element_type=\"container\">\n\t\t\t\t<div class=\"elementor-element elementor-element-d4a1d08 elementor-widget__width-initial elementor-invisible elementor-widget elementor-widget-image\" data-id=\"d4a1d08\" data-element_type=\"widget\" data-settings=\"{&quot;_animation&quot;:&quot;fadeInDown&quot;,&quot;_animation_tablet&quot;:&quot;fadeInLeft&quot;}\" data-widget_type=\"image.default\">\n\t\t\t\t<div class=\"elementor-widget-container\">\n\t\t\t\t\t\t\t\t\t\t\t\t\t<img decoding=\"async\" width=\"640\" height=\"960\" src=\"https:\/\/max-clean-evolution.fr\/wp-content\/uploads\/2024\/10\/pexels-cottonbro-3843285-1.jpg\" class=\"attachment-large size-large wp-image-525\" alt=\"\" srcset=\"https:\/\/max-clean-evolution.fr\/wp-content\/uploads\/2024\/10\/pexels-cottonbro-3843285-1.jpg 640w, https:\/\/max-clean-evolution.fr\/wp-content\/uploads\/2024\/10\/pexels-cottonbro-3843285-1-200x300.jpg 200w\" sizes=\"(max-width: 640px) 100vw, 640px\" \/>\t\t\t\t\t\t\t\t\t\t\t\t\t<\/div>\n\t\t\t\t<\/div>\n\t\t\t\t<\/div>\n\t\t\t\t<\/div>\n\t\t<div class=\"elementor-element elementor-element-1d4889ec e-con-full e-flex e-con e-child\" data-id=\"1d4889ec\" data-element_type=\"container\">\n\t\t\t\t<div class=\"elementor-element elementor-element-86469e0 elementor-widget elementor-widget-heading\" data-id=\"86469e0\" data-element_type=\"widget\" data-widget_type=\"heading.default\">\n\t\t\t\t<div class=\"elementor-widget-container\">\n\t\t\t<h3 class=\"elementor-heading-title elementor-size-default\">Nos services incluent :<\/h3>\t\t<\/div>\n\t\t\t\t<\/div>\n\t\t\t\t<div class=\"elementor-element elementor-element-e12ebf2 elementor-widget elementor-widget-heading\" data-id=\"e12ebf2\" data-element_type=\"widget\" data-widget_type=\"heading.default\">\n\t\t\t\t<div class=\"elementor-widget-container\">\n\t\t\t<h4 class=\"elementor-heading-title elementor-size-default\">Mise \u00e0 disposition d'agent d'accueil :<\/h4>\t\t<\/div>\n\t\t\t\t<\/div>\n\t\t\t\t<div class=\"elementor-element elementor-element-395e2e9 elementor-invisible elementor-widget elementor-widget-text-editor\" data-id=\"395e2e9\" data-element_type=\"widget\" data-settings=\"{&quot;_animation&quot;:&quot;fadeInUp&quot;}\" data-widget_type=\"text-editor.default\">\n\t\t\t\t<div class=\"elementor-widget-container\">\n\t\t\t\t\t\t\t<ul><li>Accueil et permanence o Distribution du courrier et r\u00e9ception de colis<\/li><li>Accueil et renseignement des visiteurs et des r\u00e9sidents<\/li><li>Surveillance des lieux et des \u00e9quipements g\u00e9n\u00e9raux<\/li><li>Gestion administrative o Arrosage des plantes<\/li><\/ul>\t\t\t\t\t\t<\/div>\n\t\t\t\t<\/div>\n\t\t\t\t<div class=\"elementor-element elementor-element-bd6cbcd elementor-widget elementor-widget-heading\" data-id=\"bd6cbcd\" data-element_type=\"widget\" data-widget_type=\"heading.default\">\n\t\t\t\t<div class=\"elementor-widget-container\">\n\t\t\t<h4 class=\"elementor-heading-title elementor-size-default\">Mise \u00e0 disposition d'agent de services :<\/h4>\t\t<\/div>\n\t\t\t\t<\/div>\n\t\t\t\t<div class=\"elementor-element elementor-element-c64321a elementor-invisible elementor-widget elementor-widget-text-editor\" data-id=\"c64321a\" data-element_type=\"widget\" data-settings=\"{&quot;_animation&quot;:&quot;fadeInUp&quot;}\" data-widget_type=\"text-editor.default\">\n\t\t\t\t<div class=\"elementor-widget-container\">\n\t\t\t\t\t\t\t<ul><li>Nettoyage des parties communes<\/li><li>Gestion et nettoyage des ordures m\u00e9nag\u00e8res<\/li><li>Changement d\u2019ampoule<\/li><li>Portage<\/li><\/ul>\t\t\t\t\t\t<\/div>\n\t\t\t\t<\/div>\n\t\t\t\t<div class=\"elementor-element elementor-element-3805750 elementor-widget elementor-widget-heading\" data-id=\"3805750\" data-element_type=\"widget\" data-widget_type=\"heading.default\">\n\t\t\t\t<div class=\"elementor-widget-container\">\n\t\t\t<h4 class=\"elementor-heading-title elementor-size-default\">Service de permanence : <\/h4>\t\t<\/div>\n\t\t\t\t<\/div>\n\t\t\t\t<div class=\"elementor-element elementor-element-944e46f elementor-invisible elementor-widget elementor-widget-text-editor\" data-id=\"944e46f\" data-element_type=\"widget\" data-settings=\"{&quot;_animation&quot;:&quot;fadeInUp&quot;}\" data-widget_type=\"text-editor.default\">\n\t\t\t\t<div class=\"elementor-widget-container\">\n\t\t\t\t\t\t\t<ul><li>Nettoyage des parties communes<\/li><li>Gestion et nettoyage des ordures m\u00e9nag\u00e8res<\/li><li>Changement d\u2019ampoule<\/li><li>Portage<\/li><\/ul>\t\t\t\t\t\t<\/div>\n\t\t\t\t<\/div>\n\t\t\t\t<div class=\"elementor-element elementor-element-4168c17 elementor-widget elementor-widget-heading\" data-id=\"4168c17\" data-element_type=\"widget\" data-widget_type=\"heading.default\">\n\t\t\t\t<div class=\"elementor-widget-container\">\n\t\t\t<h4 class=\"elementor-heading-title elementor-size-default\">Nettoyage des logements vacants :<\/h4>\t\t<\/div>\n\t\t\t\t<\/div>\n\t\t\t\t<div class=\"elementor-element elementor-element-00f2a23 elementor-invisible elementor-widget elementor-widget-text-editor\" data-id=\"00f2a23\" data-element_type=\"widget\" data-settings=\"{&quot;_animation&quot;:&quot;fadeInUp&quot;}\" data-widget_type=\"text-editor.default\">\n\t\t\t\t<div class=\"elementor-widget-container\">\n\t\t\t\t\t\t\t<p>Nous assurons une pr\u00e9sence continue pour r\u00e9apondre aux besoins et pr\u00e9occupations des r\u00e9sidents, garantissant ainsi une tranquillit\u00e9 d&rsquo;esprit.<\/p>\t\t\t\t\t\t<\/div>\n\t\t\t\t<\/div>\n\t\t\t\t<div class=\"elementor-element elementor-element-4b58d2c elementor-widget elementor-widget-heading\" data-id=\"4b58d2c\" data-element_type=\"widget\" data-widget_type=\"heading.default\">\n\t\t\t\t<div class=\"elementor-widget-container\">\n\t\t\t<h4 class=\"elementor-heading-title elementor-size-default\">Gestion des d\u00e9chets :<\/h4>\t\t<\/div>\n\t\t\t\t<\/div>\n\t\t\t\t<div class=\"elementor-element elementor-element-c9b7848 elementor-widget elementor-widget-text-editor\" data-id=\"c9b7848\" data-element_type=\"widget\" data-widget_type=\"text-editor.default\">\n\t\t\t\t<div class=\"elementor-widget-container\">\n\t\t\t\t\t\t\t<p>Nous proposons des solutions pour la gestion et le retrait des encombrants, assurant un environnement propre et sain pour tous.<\/p>\t\t\t\t\t\t<\/div>\n\t\t\t\t<\/div>\n\t\t\t\t<div class=\"elementor-element elementor-element-639be4a elementor-widget elementor-widget-heading\" data-id=\"639be4a\" data-element_type=\"widget\" data-widget_type=\"heading.default\">\n\t\t\t\t<div class=\"elementor-widget-container\">\n\t\t\t<h4 class=\"elementor-heading-title elementor-size-default\">Entretien des espaces communs :<\/h4>\t\t<\/div>\n\t\t\t\t<\/div>\n\t\t\t\t<div class=\"elementor-element elementor-element-f64a07e elementor-widget elementor-widget-text-editor\" data-id=\"f64a07e\" data-element_type=\"widget\" data-widget_type=\"text-editor.default\">\n\t\t\t\t<div class=\"elementor-widget-container\">\n\t\t\t\t\t\t\t<p>Nous nous occupons de l&rsquo;entretien r\u00e9gulier des espaces communs, tels que les halls d&rsquo;entr\u00e9e, les couloirs et les jardins, pour assurer un cadre de vie agr\u00e9able.<\/p>\t\t\t\t\t\t<\/div>\n\t\t\t\t<\/div>\n\t\t\t\t<div class=\"elementor-element elementor-element-401639b elementor-widget elementor-widget-heading\" data-id=\"401639b\" data-element_type=\"widget\" data-widget_type=\"heading.default\">\n\t\t\t\t<div class=\"elementor-widget-container\">\n\t\t\t<h4 class=\"elementor-heading-title elementor-size-default\">Interventions rapides :<\/h4>\t\t<\/div>\n\t\t\t\t<\/div>\n\t\t\t\t<div class=\"elementor-element elementor-element-a460b40 elementor-widget elementor-widget-text-editor\" data-id=\"a460b40\" data-element_type=\"widget\" data-widget_type=\"text-editor.default\">\n\t\t\t\t<div class=\"elementor-widget-container\">\n\t\t\t\t\t\t\t<p>Notre \u00e9quipe est disponible pour des interventions d&rsquo;urgence, notamment apr\u00e8s des d\u00e9g\u00e2ts des eaux ou des sinistres, pour remettre en \u00e9tat les logements dans les plus brefs d\u00e9lais.<\/p>\t\t\t\t\t\t<\/div>\n\t\t\t\t<\/div>\n\t\t\t\t<div class=\"elementor-element elementor-element-78220a2 elementor-widget elementor-widget-heading\" data-id=\"78220a2\" data-element_type=\"widget\" data-widget_type=\"heading.default\">\n\t\t\t\t<div class=\"elementor-widget-container\">\n\t\t\t<h4 class=\"elementor-heading-title elementor-size-default\">Accompagnement personnalis\u00e9 :<\/h4>\t\t<\/div>\n\t\t\t\t<\/div>\n\t\t\t\t<div class=\"elementor-element elementor-element-590116f elementor-widget elementor-widget-text-editor\" data-id=\"590116f\" data-element_type=\"widget\" data-widget_type=\"text-editor.default\">\n\t\t\t\t<div class=\"elementor-widget-container\">\n\t\t\t\t\t\t\t<p>Nous travaillons en \u00e9troite collaboration avec les bailleurs sociaux pour offrir des solutions sur mesure qui r\u00e9pondent \u00e0 leurs besoins sp\u00e9cifiques.<\/p>\t\t\t\t\t\t<\/div>\n\t\t\t\t<\/div>\n\t\t\t\t<div class=\"elementor-element elementor-element-e549477 elementor-widget elementor-widget-text-editor\" data-id=\"e549477\" data-element_type=\"widget\" data-widget_type=\"text-editor.default\">\n\t\t\t\t<div class=\"elementor-widget-container\">\n\t\t\t\t\t\t\t<p>Avec Max Clean Evolution, les bailleurs sociaux peuvent compter sur un partenaire fiable et engag\u00e9 pour garantir la satisfaction de leurs locataires. Contactez-nous d\u00e8s aujourd&rsquo;hui pour discuter de vos besoins et d\u00e9couvrir comment nous pouvons vous aider !<\/p>\t\t\t\t\t\t<\/div>\n\t\t\t\t<\/div>\n\t\t\t\t<\/div>\n\t\t\t\t\t<\/div>\n\t\t\t\t<\/div>\n\t\t<div class=\"elementor-element elementor-element-fe7d791 e-con-full e-flex e-con e-parent\" data-id=\"fe7d791\" data-element_type=\"container\" data-settings=\"{&quot;background_background&quot;:&quot;classic&quot;}\">\n\t\t<div class=\"elementor-element elementor-element-5cc8926 e-con-full e-flex e-con e-child\" data-id=\"5cc8926\" data-element_type=\"container\" data-settings=\"{&quot;background_background&quot;:&quot;slideshow&quot;,&quot;background_slideshow_gallery&quot;:[{&quot;id&quot;:208,&quot;url&quot;:&quot;http:\\\/\\\/max-clean-evolution.fr\\\/wp-content\\\/uploads\\\/2024\\\/07\\\/decor.png&quot;}],&quot;background_slideshow_loop&quot;:&quot;yes&quot;,&quot;background_slideshow_slide_duration&quot;:5000,&quot;background_slideshow_slide_transition&quot;:&quot;fade&quot;,&quot;background_slideshow_transition_duration&quot;:500}\">\n\t\t<div class=\"elementor-element elementor-element-0c4bff5 e-flex e-con-boxed e-con e-child\" data-id=\"0c4bff5\" data-element_type=\"container\">\n\t\t\t\t\t<div class=\"e-con-inner\">\n\t\t<div class=\"elementor-element elementor-element-7bc3765 e-con-full e-flex e-con e-child\" data-id=\"7bc3765\" data-element_type=\"container\">\n\t\t\t\t<div class=\"elementor-element elementor-element-666c5e2 elementor-widget elementor-widget-heading\" data-id=\"666c5e2\" data-element_type=\"widget\" data-widget_type=\"heading.default\">\n\t\t\t\t<div class=\"elementor-widget-container\">\n\t\t\t<h2 class=\"elementor-heading-title elementor-size-default\">Etes vous pr\u00eat \u00e0 travailler avec nous ?<\/h2>\t\t<\/div>\n\t\t\t\t<\/div>\n\t\t\t\t<div class=\"elementor-element elementor-element-2446dc7 elementor-widget elementor-widget-text-editor\" data-id=\"2446dc7\" data-element_type=\"widget\" data-widget_type=\"text-editor.default\">\n\t\t\t\t<div class=\"elementor-widget-container\">\n\t\t\t\t\t\t\t<p><span style=\"text-align: center; background-color: #fbfbfb;\">Des professionnels du nettoyage \u00e0 votre service. Demandez votre devis gratuit d\u00e8s maintenant !<\/span><\/p>\t\t\t\t\t\t<\/div>\n\t\t\t\t<\/div>\n\t\t\t\t<div class=\"elementor-element elementor-element-b53a7de elementor-widget elementor-widget-button\" data-id=\"b53a7de\" data-element_type=\"widget\" data-widget_type=\"button.default\">\n\t\t\t\t<div class=\"elementor-widget-container\">\n\t\t\t\t\t<div class=\"elementor-button-wrapper\">\n\t\t\t<a class=\"elementor-button elementor-button-link elementor-size-sm\" href=\"https:\/\/max-clean-evolution.fr\/index.php\/contact\/\">\n\t\t\t\t\t\t<span class=\"elementor-button-content-wrapper\">\n\t\t\t\t\t\t\t\t\t<span class=\"elementor-button-text\">Cliquez ici<\/span>\n\t\t\t\t\t<\/span>\n\t\t\t\t\t<\/a>\n\t\t<\/div>\n\t\t\t\t<\/div>\n\t\t\t\t<\/div>\n\t\t\t\t<\/div>\n\t\t\t\t\t<\/div>\n\t\t\t\t<\/div>\n\t\t\t\t<\/div>\n\t\t\t\t<\/div>\n\t\t\t\t<\/div>\n\t\t","protected":false},"excerpt":{"rendered":"<p>Chez Max Clean Evolution, nous comprenons l&rsquo;importance de maintenir des logements de qualit\u00e9 pour les bailleurs sociaux. Notre \u00e9quipe est d\u00e9di\u00e9e \u00e0 offrir des services adapt\u00e9s aux besoins sp\u00e9cifiques des bailleurs, garantissant des interventions professionnelles et efficaces. Une Solution Adapt\u00e9e Afin de pallier les diverses absences (cong\u00e9s, arr\u00eat maladie, formation, d\u00e9part en retraite) de vos [&hellip;]<\/p>\n","protected":false},"author":1,"featured_media":0,"parent":26,"menu_order":0,"comment_status":"closed","ping_status":"closed","template":"","meta":{"_acf_changed":false,"footnotes":""},"class_list":["post-475","page","type-page","status-publish","hentry"],"acf":[],"_links":{"self":[{"href":"https:\/\/max-clean-evolution.fr\/index.php\/wp-json\/wp\/v2\/pages\/475","targetHints":{"allow":["GET"]}}],"collection":[{"href":"https:\/\/max-clean-evolution.fr\/index.php\/wp-json\/wp\/v2\/pages"}],"about":[{"href":"https:\/\/max-clean-evolution.fr\/index.php\/wp-json\/wp\/v2\/types\/page"}],"author":[{"embeddable":true,"href":"https:\/\/max-clean-evolution.fr\/index.php\/wp-json\/wp\/v2\/users\/1"}],"replies":[{"embeddable":true,"href":"https:\/\/max-clean-evolution.fr\/index.php\/wp-json\/wp\/v2\/comments?post=475"}],"version-history":[{"count":13,"href":"https:\/\/max-clean-evolution.fr\/index.php\/wp-json\/wp\/v2\/pages\/475\/revisions"}],"predecessor-version":[{"id":590,"href":"https:\/\/max-clean-evolution.fr\/index.php\/wp-json\/wp\/v2\/pages\/475\/revisions\/590"}],"up":[{"embeddable":true,"href":"https:\/\/max-clean-evolution.fr\/index.php\/wp-json\/wp\/v2\/pages\/26"}],"wp:attachment":[{"href":"https:\/\/max-clean-evolution.fr\/index.php\/wp-json\/wp\/v2\/media?parent=475"}],"curies":[{"name":"wp","href":"https:\/\/api.w.org\/{rel}","templated":true}]}}