{"id":483,"date":"2024-10-13T14:50:03","date_gmt":"2024-10-13T12:50:03","guid":{"rendered":"https:\/\/max-clean-evolution.fr\/index.php\/services\/gestion-des-encombrants-copy\/"},"modified":"2024-10-13T16:13:12","modified_gmt":"2024-10-13T14:13:12","slug":"veille-patrimoniale","status":"publish","type":"page","link":"https:\/\/max-clean-evolution.fr\/index.php\/services\/veille-patrimoniale\/","title":{"rendered":"Veille Patrimoniale"},"content":{"rendered":"\t\t<div data-elementor-type=\"wp-page\" data-elementor-id=\"483\" class=\"elementor elementor-483\" data-elementor-post-type=\"page\">\n\t\t\t\t<div class=\"elementor-element elementor-element-3c1837b6 e-flex e-con-boxed e-con e-parent\" data-id=\"3c1837b6\" data-element_type=\"container\">\n\t\t\t\t\t<div class=\"e-con-inner\">\n\t\t<div class=\"elementor-element elementor-element-6753a70 e-con-full e-flex e-con e-child\" data-id=\"6753a70\" data-element_type=\"container\" data-settings=\"{&quot;background_background&quot;:&quot;gradient&quot;}\">\n\t\t<div class=\"elementor-element elementor-element-2770e20 e-con-full e-flex e-con e-child\" data-id=\"2770e20\" data-element_type=\"container\">\n\t\t\t\t<div class=\"elementor-element elementor-element-9a9cc9b elementor-widget elementor-widget-heading\" data-id=\"9a9cc9b\" data-element_type=\"widget\" data-widget_type=\"heading.default\">\n\t\t\t\t<div class=\"elementor-widget-container\">\n\t\t\t<style>\/*! elementor - v3.22.0 - 26-06-2024 *\/\n.elementor-heading-title{padding:0;margin:0;line-height:1}.elementor-widget-heading .elementor-heading-title[class*=elementor-size-]>a{color:inherit;font-size:inherit;line-height:inherit}.elementor-widget-heading .elementor-heading-title.elementor-size-small{font-size:15px}.elementor-widget-heading .elementor-heading-title.elementor-size-medium{font-size:19px}.elementor-widget-heading .elementor-heading-title.elementor-size-large{font-size:29px}.elementor-widget-heading .elementor-heading-title.elementor-size-xl{font-size:39px}.elementor-widget-heading .elementor-heading-title.elementor-size-xxl{font-size:59px}<\/style><h1 class=\"elementor-heading-title elementor-size-default\">Veille Patrimoniale<\/h1>\t\t<\/div>\n\t\t\t\t<\/div>\n\t\t\t\t<div class=\"elementor-element elementor-element-3ee1ab0 elementor-invisible elementor-widget elementor-widget-text-editor\" data-id=\"3ee1ab0\" data-element_type=\"widget\" data-settings=\"{&quot;_animation&quot;:&quot;fadeInUp&quot;}\" data-widget_type=\"text-editor.default\">\n\t\t\t\t<div class=\"elementor-widget-container\">\n\t\t\t<style>\/*! elementor - v3.22.0 - 26-06-2024 *\/\n.elementor-widget-text-editor.elementor-drop-cap-view-stacked .elementor-drop-cap{background-color:#69727d;color:#fff}.elementor-widget-text-editor.elementor-drop-cap-view-framed .elementor-drop-cap{color:#69727d;border:3px solid;background-color:transparent}.elementor-widget-text-editor:not(.elementor-drop-cap-view-default) .elementor-drop-cap{margin-top:8px}.elementor-widget-text-editor:not(.elementor-drop-cap-view-default) .elementor-drop-cap-letter{width:1em;height:1em}.elementor-widget-text-editor .elementor-drop-cap{float:left;text-align:center;line-height:1;font-size:50px}.elementor-widget-text-editor .elementor-drop-cap-letter{display:inline-block}<\/style>\t\t\t\t<p>Max Clean Evolution propose un service de veille patrimoniale destin\u00e9 \u00e0 garantir la s\u00e9curit\u00e9 et le bon entretien de vos espaces.\u00a0<\/p>\t\t\t\t\t\t<\/div>\n\t\t\t\t<\/div>\n\t\t\t\t<\/div>\n\t\t<div class=\"elementor-element elementor-element-78cc57b e-con-full e-flex e-con e-child\" data-id=\"78cc57b\" data-element_type=\"container\">\n\t\t\t\t<div class=\"elementor-element elementor-element-b89801f elementor-widget__width-initial elementor-invisible elementor-widget elementor-widget-image\" data-id=\"b89801f\" data-element_type=\"widget\" data-settings=\"{&quot;_animation&quot;:&quot;fadeInDown&quot;,&quot;_animation_tablet&quot;:&quot;fadeInLeft&quot;}\" data-widget_type=\"image.default\">\n\t\t\t\t<div class=\"elementor-widget-container\">\n\t\t\t<style>\/*! elementor - v3.22.0 - 26-06-2024 *\/\n.elementor-widget-image{text-align:center}.elementor-widget-image a{display:inline-block}.elementor-widget-image a img[src$=\".svg\"]{width:48px}.elementor-widget-image img{vertical-align:middle;display:inline-block}<\/style>\t\t\t\t\t\t\t\t\t\t<img fetchpriority=\"high\" decoding=\"async\" width=\"800\" height=\"534\" src=\"https:\/\/max-clean-evolution.fr\/wp-content\/uploads\/2024\/10\/pexels-pixabay-207574-1024x683.jpg\" class=\"attachment-large size-large wp-image-596\" alt=\"\" srcset=\"https:\/\/max-clean-evolution.fr\/wp-content\/uploads\/2024\/10\/pexels-pixabay-207574-1024x683.jpg 1024w, https:\/\/max-clean-evolution.fr\/wp-content\/uploads\/2024\/10\/pexels-pixabay-207574-300x200.jpg 300w, https:\/\/max-clean-evolution.fr\/wp-content\/uploads\/2024\/10\/pexels-pixabay-207574-768x512.jpg 768w, https:\/\/max-clean-evolution.fr\/wp-content\/uploads\/2024\/10\/pexels-pixabay-207574-1536x1024.jpg 1536w, https:\/\/max-clean-evolution.fr\/wp-content\/uploads\/2024\/10\/pexels-pixabay-207574-2048x1365.jpg 2048w\" sizes=\"(max-width: 800px) 100vw, 800px\" \/>\t\t\t\t\t\t\t\t\t\t\t\t\t<\/div>\n\t\t\t\t<\/div>\n\t\t\t\t<\/div>\n\t\t\t\t<\/div>\n\t\t\t\t<div class=\"elementor-element elementor-element-81ca5af elementor-invisible elementor-widget elementor-widget-text-editor\" data-id=\"81ca5af\" data-element_type=\"widget\" data-settings=\"{&quot;_animation&quot;:&quot;fadeInUp&quot;}\" data-widget_type=\"text-editor.default\">\n\t\t\t\t<div class=\"elementor-widget-container\">\n\t\t\t\t\t\t\t<p>Lors de chaque intervention, nos agents s&rsquo;assurent de signaler au responsable de site toutes les situations pr\u00e9occupantes ou les \u00e9l\u00e9ments n\u00e9cessitant une attention particuli\u00e8re. Cela inclut, entre autres, les ampoules \u00e0 remplacer, les rambardes \u00e0 refixer, la pr\u00e9sence d&rsquo;encombrants, les signes de squat, les trappes de d\u00e9senfumage ouvertes, les d\u00e9g\u00e2ts des eaux, ainsi que tout dysfonctionnement ou anomalie observ\u00e9s. En plus de ces signalements, nos agents remplissent scrupuleusement le registre de s\u00e9curit\u00e9 afin de suivre et documenter chaque action corrective ou pr\u00e9ventive n\u00e9cessaire. Gr\u00e2ce \u00e0 notre service de veille patrimoniale, vous b\u00e9n\u00e9ficiez d\u2019un suivi rigoureux pour la gestion et la pr\u00e9servation de votre patrimoine immobilier.<\/p>\t\t\t\t\t\t<\/div>\n\t\t\t\t<\/div>\n\t\t\t\t\t<\/div>\n\t\t\t\t<\/div>\n\t\t<div class=\"elementor-element elementor-element-4a9929d e-con-full e-flex e-con e-parent\" data-id=\"4a9929d\" data-element_type=\"container\" data-settings=\"{&quot;background_background&quot;:&quot;classic&quot;}\">\n\t\t<div class=\"elementor-element elementor-element-e2dcdd6 e-con-full e-flex e-con e-child\" data-id=\"e2dcdd6\" data-element_type=\"container\" data-settings=\"{&quot;background_background&quot;:&quot;slideshow&quot;,&quot;background_slideshow_gallery&quot;:[{&quot;id&quot;:208,&quot;url&quot;:&quot;http:\\\/\\\/max-clean-evolution.fr\\\/wp-content\\\/uploads\\\/2024\\\/07\\\/decor.png&quot;}],&quot;background_slideshow_loop&quot;:&quot;yes&quot;,&quot;background_slideshow_slide_duration&quot;:5000,&quot;background_slideshow_slide_transition&quot;:&quot;fade&quot;,&quot;background_slideshow_transition_duration&quot;:500}\">\n\t\t<div class=\"elementor-element elementor-element-91e68c7 e-flex e-con-boxed e-con e-child\" data-id=\"91e68c7\" data-element_type=\"container\">\n\t\t\t\t\t<div class=\"e-con-inner\">\n\t\t<div class=\"elementor-element elementor-element-9bc667d e-con-full e-flex e-con e-child\" data-id=\"9bc667d\" data-element_type=\"container\">\n\t\t\t\t<div class=\"elementor-element elementor-element-6c7524c elementor-widget elementor-widget-heading\" data-id=\"6c7524c\" data-element_type=\"widget\" data-widget_type=\"heading.default\">\n\t\t\t\t<div class=\"elementor-widget-container\">\n\t\t\t<h2 class=\"elementor-heading-title elementor-size-default\">Etes vous pr\u00eat \u00e0 travailler avec nous ?<\/h2>\t\t<\/div>\n\t\t\t\t<\/div>\n\t\t\t\t<div class=\"elementor-element elementor-element-b803ee9 elementor-widget elementor-widget-text-editor\" data-id=\"b803ee9\" data-element_type=\"widget\" data-widget_type=\"text-editor.default\">\n\t\t\t\t<div class=\"elementor-widget-container\">\n\t\t\t\t\t\t\t<p><span style=\"text-align: center; background-color: #fbfbfb;\">Des professionnels du nettoyage \u00e0 votre service. Demandez votre devis gratuit d\u00e8s maintenant !<\/span><\/p>\t\t\t\t\t\t<\/div>\n\t\t\t\t<\/div>\n\t\t\t\t<div class=\"elementor-element elementor-element-c181d02 elementor-widget elementor-widget-button\" data-id=\"c181d02\" data-element_type=\"widget\" data-widget_type=\"button.default\">\n\t\t\t\t<div class=\"elementor-widget-container\">\n\t\t\t\t\t<div class=\"elementor-button-wrapper\">\n\t\t\t<a class=\"elementor-button elementor-button-link elementor-size-sm\" href=\"https:\/\/max-clean-evolution.fr\/index.php\/contact\/\">\n\t\t\t\t\t\t<span class=\"elementor-button-content-wrapper\">\n\t\t\t\t\t\t\t\t\t<span class=\"elementor-button-text\">Cliquez ici<\/span>\n\t\t\t\t\t<\/span>\n\t\t\t\t\t<\/a>\n\t\t<\/div>\n\t\t\t\t<\/div>\n\t\t\t\t<\/div>\n\t\t\t\t<\/div>\n\t\t\t\t\t<\/div>\n\t\t\t\t<\/div>\n\t\t\t\t<\/div>\n\t\t\t\t<\/div>\n\t\t\t\t<\/div>\n\t\t","protected":false},"excerpt":{"rendered":"<p>Max Clean Evolution propose un service de veille patrimoniale destin\u00e9 \u00e0 garantir la s\u00e9curit\u00e9 et le bon entretien de vos espaces.\u00a0 Lors de chaque intervention, nos agents s&rsquo;assurent de signaler au responsable de site toutes les situations pr\u00e9occupantes ou les \u00e9l\u00e9ments n\u00e9cessitant une attention particuli\u00e8re. Cela inclut, entre autres, les ampoules \u00e0 remplacer, les rambardes [&hellip;]<\/p>\n","protected":false},"author":1,"featured_media":0,"parent":26,"menu_order":0,"comment_status":"closed","ping_status":"closed","template":"","meta":{"_acf_changed":false,"footnotes":""},"class_list":["post-483","page","type-page","status-publish","hentry"],"acf":[],"_links":{"self":[{"href":"https:\/\/max-clean-evolution.fr\/index.php\/wp-json\/wp\/v2\/pages\/483","targetHints":{"allow":["GET"]}}],"collection":[{"href":"https:\/\/max-clean-evolution.fr\/index.php\/wp-json\/wp\/v2\/pages"}],"about":[{"href":"https:\/\/max-clean-evolution.fr\/index.php\/wp-json\/wp\/v2\/types\/page"}],"author":[{"embeddable":true,"href":"https:\/\/max-clean-evolution.fr\/index.php\/wp-json\/wp\/v2\/users\/1"}],"replies":[{"embeddable":true,"href":"https:\/\/max-clean-evolution.fr\/index.php\/wp-json\/wp\/v2\/comments?post=483"}],"version-history":[{"count":10,"href":"https:\/\/max-clean-evolution.fr\/index.php\/wp-json\/wp\/v2\/pages\/483\/revisions"}],"predecessor-version":[{"id":602,"href":"https:\/\/max-clean-evolution.fr\/index.php\/wp-json\/wp\/v2\/pages\/483\/revisions\/602"}],"up":[{"embeddable":true,"href":"https:\/\/max-clean-evolution.fr\/index.php\/wp-json\/wp\/v2\/pages\/26"}],"wp:attachment":[{"href":"https:\/\/max-clean-evolution.fr\/index.php\/wp-json\/wp\/v2\/media?parent=483"}],"curies":[{"name":"wp","href":"https:\/\/api.w.org\/{rel}","templated":true}]}}